{"id":1738,"date":"2025-07-28T12:38:09","date_gmt":"2025-07-28T09:38:09","guid":{"rendered":"https:\/\/azgruppe.eu\/?page_id=1738"},"modified":"2025-08-07T13:34:16","modified_gmt":"2025-08-07T10:34:16","slug":"leistungen","status":"publish","type":"page","link":"https:\/\/azgruppe.eu\/tr\/leistungen\/","title":{"rendered":"Hizmetler"},"content":{"rendered":"<div data-elementor-type=\"wp-page\" data-elementor-id=\"1738\" class=\"elementor elementor-1738\" data-elementor-post-type=\"page\">\n\t\t\t\t\t\t<section class=\"elementor-section elementor-top-section elementor-element elementor-element-3329ffc7 elementor-section-height-min-height elementor-section-boxed elementor-section-height-default elementor-section-items-middle\" data-id=\"3329ffc7\" data-element_type=\"section\" data-settings=\"{&quot;background_background&quot;:&quot;classic&quot;}\">\n\t\t\t\t\t\t\t<div class=\"elementor-background-overlay\"><\/div>\n\t\t\t\t\t\t\t<div class=\"elementor-container elementor-column-gap-default\">\n\t\t\t\t\t<div class=\"elementor-column elementor-col-100 elementor-top-column elementor-element elementor-element-7ce4b5aa\" data-id=\"7ce4b5aa\" data-element_type=\"column\">\n\t\t\t<div class=\"elementor-widget-wrap elementor-element-populated\">\n\t\t\t\t\t\t\t<\/div>\n\t\t<\/div>\n\t\t\t\t\t<\/div>\n\t\t<\/section>\n\t\t\t\t<section class=\"elementor-section elementor-top-section elementor-element elementor-element-7ff87128 elementor-section-content-middle elementor-section-boxed elementor-section-height-default elementor-section-height-default\" data-id=\"7ff87128\" data-element_type=\"section\">\n\t\t\t\t\t\t<div class=\"elementor-container elementor-column-gap-default\">\n\t\t\t\t\t<div class=\"elementor-column elementor-col-50 elementor-top-column elementor-element elementor-element-5fe004b6\" data-id=\"5fe004b6\" data-element_type=\"column\">\n\t\t\t<div class=\"elementor-widget-wrap elementor-element-populated\">\n\t\t\t\t\t\t<div class=\"elementor-element elementor-element-b7f9ab1 elementor-widget elementor-widget-image\" data-id=\"b7f9ab1\" data-element_type=\"widget\" data-widget_type=\"image.default\">\n\t\t\t\t<div class=\"elementor-widget-container\">\n\t\t\t\t\t\t\t\t\t\t\t\t\t\t\t<img decoding=\"async\" src=\"https:\/\/azgruppe.eu\/wp-content\/uploads\/2025\/08\/umzugsazgruppe-3.png\" title=\"\" alt=\"\" loading=\"lazy\" \/>\t\t\t\t\t\t\t\t\t\t\t\t\t\t\t<\/div>\n\t\t\t\t<\/div>\n\t\t\t\t\t<\/div>\n\t\t<\/div>\n\t\t\t\t<div class=\"elementor-column elementor-col-50 elementor-top-column elementor-element elementor-element-1bd2643e\" data-id=\"1bd2643e\" data-element_type=\"column\">\n\t\t\t<div class=\"elementor-widget-wrap elementor-element-populated\">\n\t\t\t\t\t\t<div class=\"elementor-element elementor-element-728cd4ca elementor-widget__width-auto elementor-widget-divider--view-line elementor-widget elementor-widget-divider\" data-id=\"728cd4ca\" data-element_type=\"widget\" data-widget_type=\"divider.default\">\n\t\t\t\t<div class=\"elementor-widget-container\">\n\t\t\t\t\t\t\t<div class=\"elementor-divider\">\n\t\t\t<span class=\"elementor-divider-separator\">\n\t\t\t\t\t\t<\/span>\n\t\t<\/div>\n\t\t\t\t\t\t<\/div>\n\t\t\t\t<\/div>\n\t\t\t\t<div class=\"elementor-element elementor-element-4b87ecb7 animated-slow e-transform elementor-invisible elementor-widget elementor-widget-heading\" data-id=\"4b87ecb7\" data-element_type=\"widget\" data-settings=\"{&quot;_animation&quot;:&quot;bounceInLeft&quot;,&quot;_transform_rotateZ_effect&quot;:{&quot;unit&quot;:&quot;px&quot;,&quot;size&quot;:0,&quot;sizes&quot;:[]},&quot;_transform_rotateZ_effect_tablet&quot;:{&quot;unit&quot;:&quot;deg&quot;,&quot;size&quot;:&quot;&quot;,&quot;sizes&quot;:[]},&quot;_transform_rotateZ_effect_mobile&quot;:{&quot;unit&quot;:&quot;deg&quot;,&quot;size&quot;:&quot;&quot;,&quot;sizes&quot;:[]}}\" data-widget_type=\"heading.default\">\n\t\t\t\t<div class=\"elementor-widget-container\">\n\t\t\t\t\t<h2 class=\"elementor-heading-title elementor-size-medium\">Schnelle und Zuverl\u00e4ssige Umzugs- und Transportdienste!<\/h2>\t\t\t\t<\/div>\n\t\t\t\t<\/div>\n\t\t\t\t<div class=\"elementor-element elementor-element-30265cfc elementor-widget elementor-widget-text-editor\" data-id=\"30265cfc\" data-element_type=\"widget\" data-widget_type=\"text-editor.default\">\n\t\t\t\t<div class=\"elementor-widget-container\">\n\t\t\t\t\t\t\t\t\t<p data-start=\"165\" data-end=\"512\">Azgruppe bietet Ihnen professionelle <strong data-start=\"202\" data-end=\"213\">Umzugs-<\/strong> und <strong data-start=\"218\" data-end=\"247\">Transportdienstleistungen<\/strong> an.<br data-start=\"251\" data-end=\"254\" \/>Egal ob <strong data-start=\"262\" data-end=\"277\">Privatumzug<\/strong> oder <strong data-start=\"283\" data-end=\"296\">B\u00fcroumzug<\/strong> \u2013 wir bringen Ihr Hab und Gut <strong data-start=\"327\" data-end=\"361\">schnell, sicher und problemlos<\/strong> an den neuen Standort.<br data-start=\"384\" data-end=\"387\" \/>Mit einem erfahrenen Team und modernen Fahrzeugen garantieren wir, dass Ihr Umzugsgut <strong data-start=\"473\" data-end=\"503\">unbesch\u00e4digt und p\u00fcnktlich<\/strong> ankommt.<\/p><p data-start=\"514\" data-end=\"564\"><strong data-start=\"514\" data-end=\"564\">Mit Azgruppe umziehen \u2013 bequem und stressfrei!<\/strong><\/p>\t\t\t\t\t\t\t\t<\/div>\n\t\t\t\t<\/div>\n\t\t\t\t<div class=\"elementor-element elementor-element-7ca63903 elementor-align-center elementor-widget elementor-widget-button\" data-id=\"7ca63903\" data-element_type=\"widget\" data-widget_type=\"button.default\">\n\t\t\t\t<div class=\"elementor-widget-container\">\n\t\t\t\t\t\t\t\t\t<div class=\"elementor-button-wrapper\">\n\t\t\t\t\t<a class=\"elementor-button elementor-button-link elementor-size-sm\" href=\"https:\/\/azgruppe.eu\/tr\/transport\/\">\n\t\t\t\t\t\t<span class=\"elementor-button-content-wrapper\">\n\t\t\t\t\t\t\t\t\t<span class=\"elementor-button-text\">Mehr erfahren<\/span>\n\t\t\t\t\t<\/span>\n\t\t\t\t\t<\/a>\n\t\t\t\t<\/div>\n\t\t\t\t\t\t\t\t<\/div>\n\t\t\t\t<\/div>\n\t\t\t\t\t<\/div>\n\t\t<\/div>\n\t\t\t\t\t<\/div>\n\t\t<\/section>\n\t\t\t\t<section class=\"elementor-section elementor-top-section elementor-element elementor-element-50eb2cfe elementor-section-content-middle elementor-section-boxed elementor-section-height-default elementor-section-height-default\" data-id=\"50eb2cfe\" data-element_type=\"section\">\n\t\t\t\t\t\t<div class=\"elementor-container elementor-column-gap-default\">\n\t\t\t\t\t<div class=\"elementor-column elementor-col-50 elementor-top-column elementor-element elementor-element-5a429d90\" data-id=\"5a429d90\" data-element_type=\"column\">\n\t\t\t<div class=\"elementor-widget-wrap elementor-element-populated\">\n\t\t\t\t\t\t<div class=\"elementor-element elementor-element-18903103 elementor-widget__width-auto elementor-widget-divider--view-line elementor-widget elementor-widget-divider\" data-id=\"18903103\" data-element_type=\"widget\" data-widget_type=\"divider.default\">\n\t\t\t\t<div class=\"elementor-widget-container\">\n\t\t\t\t\t\t\t<div class=\"elementor-divider\">\n\t\t\t<span class=\"elementor-divider-separator\">\n\t\t\t\t\t\t<\/span>\n\t\t<\/div>\n\t\t\t\t\t\t<\/div>\n\t\t\t\t<\/div>\n\t\t\t\t<div class=\"elementor-element elementor-element-300dc215 animated-slow e-transform elementor-invisible elementor-widget elementor-widget-heading\" data-id=\"300dc215\" data-element_type=\"widget\" data-settings=\"{&quot;_animation&quot;:&quot;bounceInLeft&quot;,&quot;_transform_rotateZ_effect&quot;:{&quot;unit&quot;:&quot;px&quot;,&quot;size&quot;:0,&quot;sizes&quot;:[]},&quot;_transform_rotateZ_effect_tablet&quot;:{&quot;unit&quot;:&quot;deg&quot;,&quot;size&quot;:&quot;&quot;,&quot;sizes&quot;:[]},&quot;_transform_rotateZ_effect_mobile&quot;:{&quot;unit&quot;:&quot;deg&quot;,&quot;size&quot;:&quot;&quot;,&quot;sizes&quot;:[]}}\" data-widget_type=\"heading.default\">\n\t\t\t\t<div class=\"elementor-widget-container\">\n\t\t\t\t\t<h2 class=\"elementor-heading-title elementor-size-medium\">Rundum-Bauarbeiten \u2013 Qualit\u00e4t, auf die Sie bauen k\u00f6nnen<\/h2>\t\t\t\t<\/div>\n\t\t\t\t<\/div>\n\t\t\t\t<div class=\"elementor-element elementor-element-2ff402c4 elementor-widget elementor-widget-text-editor\" data-id=\"2ff402c4\" data-element_type=\"widget\" data-widget_type=\"text-editor.default\">\n\t\t\t\t<div class=\"elementor-widget-container\">\n\t\t\t\t\t\t\t\t\t<p>Ob\u00a0<strong>Neubau<\/strong>,\u00a0<strong>Renovierung<\/strong>\u00a0oder\u00a0<strong>Umbau<\/strong>\u00a0\u2013 wir sind Ihr zuverl\u00e4ssiger Partner f\u00fcr alle Arten von Bauarbeiten. Mit langj\u00e4hriger Erfahrung und einem engagierten Team bieten wir Ihnen eine breite Palette von\u00a0<strong>Bauleistungen<\/strong>, die exakt auf Ihre individuellen W\u00fcnsche und Anforderungen zugeschnitten sind.<\/p><p>Unser Ziel ist es, Ihre Visionen in die Realit\u00e4t umzusetzen \u2013 schnell, effizient und in h\u00f6chster Qualit\u00e4t. Vom\u00a0<strong>Kuru yap\u0131<\/strong>\u00a0\u00fcber\u00a0<strong>Malerarbeiten<\/strong>\u00a0bis hin zu\u00a0<strong>Bodenverlegungen<\/strong>\u00a0und\u00a0<strong>Abbrucharbeiten<\/strong>\u00a0bieten wir alles, was f\u00fcr ein erfolgreiches Bauvorhaben notwendig ist. Vertrauen Sie auf unsere Expertise und lassen Sie sich von unseren ma\u00dfgeschneiderten L\u00f6sungen \u00fcberzeugen!<\/p><h5 style=\"color: #151925; font-family: 'Bebas Neue', sans-serif; line-height: 28.8px; font-size: 24px;\">Unsere Bauleistungen im \u00dcberblick:<\/h5><p style=\"color: #000000;\"><a style=\"color: #cba660; font-family: Roboto, sans-serif; font-size: 16px; font-weight: 400;\" href=\"https:\/\/azgruppe.eu\/tr\/trockenbau\/\"><span style=\"font-weight: bolder;\">1. Trockenbau \u2013 Flexibel und schnell<\/span><\/a><br \/><a style=\"background-color: #ffffff; color: #cba660; font-family: Roboto, sans-serif; font-size: 16px; font-weight: 400;\" href=\"https:\/\/azgruppe.eu\/tr\/maler\/\"><span style=\"font-weight: bolder;\">2. Malerarbeiten \u2013 Farbe f\u00fcr Ihre R\u00e4ume<\/span><\/a><br \/><a style=\"background-color: #ffffff; color: #cba660; font-family: Roboto, sans-serif; font-size: 16px; font-weight: 400;\" href=\"https:\/\/azgruppe.eu\/tr\/bodenlegung\/\"><span style=\"font-weight: bolder;\">3. Bodenlegung \u2013 Vielfalt und Pr\u00e4zision<\/span><\/a>\u00a0<br \/><a style=\"background-color: #ffffff; color: #cba660; font-family: Roboto, sans-serif; font-size: 16px; font-weight: 400;\" href=\"https:\/\/azgruppe.eu\/tr\/abbau\/\"><span style=\"font-weight: bolder;\">4. Abbau und Demontage \u2013 Effizient und sauber<\/span><\/a><\/p>\t\t\t\t\t\t\t\t<\/div>\n\t\t\t\t<\/div>\n\t\t\t\t\t<\/div>\n\t\t<\/div>\n\t\t\t\t<div class=\"elementor-column elementor-col-50 elementor-top-column elementor-element elementor-element-1e295b64\" data-id=\"1e295b64\" data-element_type=\"column\">\n\t\t\t<div class=\"elementor-widget-wrap elementor-element-populated\">\n\t\t\t\t\t\t<div class=\"elementor-element elementor-element-35289e04 elementor-widget elementor-widget-image\" data-id=\"35289e04\" data-element_type=\"widget\" data-widget_type=\"image.default\">\n\t\t\t\t<div class=\"elementor-widget-container\">\n\t\t\t\t\t\t\t\t\t\t\t\t\t\t\t<img fetchpriority=\"high\" decoding=\"async\" width=\"1110\" height=\"741\" src=\"https:\/\/azgruppe.eu\/wp-content\/uploads\/2025\/01\/6c310861e8896b8be54f480f6a761483.jpg\" class=\"attachment-2048x2048 size-2048x2048 wp-image-818\" alt=\"\" srcset=\"https:\/\/azgruppe.eu\/wp-content\/uploads\/2025\/01\/6c310861e8896b8be54f480f6a761483.jpg 1110w, https:\/\/azgruppe.eu\/wp-content\/uploads\/2025\/01\/6c310861e8896b8be54f480f6a761483-300x200.jpg 300w, https:\/\/azgruppe.eu\/wp-content\/uploads\/2025\/01\/6c310861e8896b8be54f480f6a761483-1024x684.jpg 1024w, https:\/\/azgruppe.eu\/wp-content\/uploads\/2025\/01\/6c310861e8896b8be54f480f6a761483-768x513.jpg 768w\" sizes=\"(max-width: 1110px) 100vw, 1110px\" \/>\t\t\t\t\t\t\t\t\t\t\t\t\t\t\t<\/div>\n\t\t\t\t<\/div>\n\t\t\t\t<div class=\"elementor-element elementor-element-9316bae elementor-align-center elementor-widget elementor-widget-button\" data-id=\"9316bae\" data-element_type=\"widget\" data-widget_type=\"button.default\">\n\t\t\t\t<div class=\"elementor-widget-container\">\n\t\t\t\t\t\t\t\t\t<div class=\"elementor-button-wrapper\">\n\t\t\t\t\t<a class=\"elementor-button elementor-button-link elementor-size-sm\" href=\"https:\/\/azgruppe.eu\/tr\/bau\/\">\n\t\t\t\t\t\t<span class=\"elementor-button-content-wrapper\">\n\t\t\t\t\t\t\t\t\t<span class=\"elementor-button-text\">Mehr erfahren<\/span>\n\t\t\t\t\t<\/span>\n\t\t\t\t\t<\/a>\n\t\t\t\t<\/div>\n\t\t\t\t\t\t\t\t<\/div>\n\t\t\t\t<\/div>\n\t\t\t\t\t<\/div>\n\t\t<\/div>\n\t\t\t\t\t<\/div>\n\t\t<\/section>\n\t\t\t\t<section class=\"elementor-section elementor-top-section elementor-element elementor-element-169224d4 elementor-section-boxed elementor-section-height-default elementor-section-height-default\" data-id=\"169224d4\" data-element_type=\"section\">\n\t\t\t\t\t\t<div class=\"elementor-container elementor-column-gap-default\">\n\t\t\t\t\t<div class=\"elementor-column elementor-col-50 elementor-top-column elementor-element elementor-element-1bf218bf\" data-id=\"1bf218bf\" data-element_type=\"column\">\n\t\t\t<div class=\"elementor-widget-wrap elementor-element-populated\">\n\t\t\t\t\t\t<div class=\"elementor-element elementor-element-16c9d4ef elementor-widget elementor-widget-image\" data-id=\"16c9d4ef\" data-element_type=\"widget\" data-widget_type=\"image.default\">\n\t\t\t\t<div class=\"elementor-widget-container\">\n\t\t\t\t\t\t\t\t\t\t\t\t\t\t\t<img decoding=\"async\" src=\"https:\/\/azgruppe.eu\/wp-content\/uploads\/2025\/08\/reinigungazgruppe.png\" title=\"\" alt=\"\" loading=\"lazy\" \/>\t\t\t\t\t\t\t\t\t\t\t\t\t\t\t<\/div>\n\t\t\t\t<\/div>\n\t\t\t\t\t<\/div>\n\t\t<\/div>\n\t\t\t\t<div class=\"elementor-column elementor-col-50 elementor-top-column elementor-element elementor-element-93222e4\" data-id=\"93222e4\" data-element_type=\"column\">\n\t\t\t<div class=\"elementor-widget-wrap elementor-element-populated\">\n\t\t\t\t\t\t<div class=\"elementor-element elementor-element-72b95fee elementor-widget__width-auto elementor-widget-divider--view-line elementor-widget elementor-widget-divider\" data-id=\"72b95fee\" data-element_type=\"widget\" data-widget_type=\"divider.default\">\n\t\t\t\t<div class=\"elementor-widget-container\">\n\t\t\t\t\t\t\t<div class=\"elementor-divider\">\n\t\t\t<span class=\"elementor-divider-separator\">\n\t\t\t\t\t\t<\/span>\n\t\t<\/div>\n\t\t\t\t\t\t<\/div>\n\t\t\t\t<\/div>\n\t\t\t\t<div class=\"elementor-element elementor-element-740fb6e5 animated-slow e-transform elementor-invisible elementor-widget elementor-widget-heading\" data-id=\"740fb6e5\" data-element_type=\"widget\" data-settings=\"{&quot;_animation&quot;:&quot;bounceInLeft&quot;,&quot;_transform_rotateZ_effect&quot;:{&quot;unit&quot;:&quot;px&quot;,&quot;size&quot;:0,&quot;sizes&quot;:[]},&quot;_transform_rotateZ_effect_tablet&quot;:{&quot;unit&quot;:&quot;deg&quot;,&quot;size&quot;:&quot;&quot;,&quot;sizes&quot;:[]},&quot;_transform_rotateZ_effect_mobile&quot;:{&quot;unit&quot;:&quot;deg&quot;,&quot;size&quot;:&quot;&quot;,&quot;sizes&quot;:[]}}\" data-widget_type=\"heading.default\">\n\t\t\t\t<div class=\"elementor-widget-container\">\n\t\t\t\t\t<h2 class=\"elementor-heading-title elementor-size-default\">Professionelle Reinigungsdienstleistungen \u2013 Sauberkeit auf h\u00f6chstem Niveau<\/h2>\t\t\t\t<\/div>\n\t\t\t\t<\/div>\n\t\t\t\t<div class=\"elementor-element elementor-element-33024419 elementor-widget elementor-widget-text-editor\" data-id=\"33024419\" data-element_type=\"widget\" data-widget_type=\"text-editor.default\">\n\t\t\t\t<div class=\"elementor-widget-container\">\n\t\t\t\t\t\t\t\t\t<p><strong style=\"color: #151925; font-family: 'Bebas Neue', sans-serif; font-size: 24px; background-color: transparent;\">Unsere Leistungen im \u00dcberblick:<\/strong><\/p><ul><li><strong>Geb\u00e4udereinigung:<\/strong>\u00a0Gr\u00fcndliche Reinigung von B\u00fcros, Wohnanlagen und \u00f6ffentlichen Einrichtungen \u2013 f\u00fcr ein gepflegtes und einladendes Ambiente.<\/li><li><strong>Industrie- und Spezialreinigung:<\/strong>\u00a0Reinigung von Produktionsst\u00e4tten, Maschinen und anspruchsvollen Oberfl\u00e4chen mit modernsten Methoden.<\/li><li><strong>Fenster- und Fassadenreinigung:<\/strong>\u00a0Streifenfreie Ergebnisse und langfristiger Schutz f\u00fcr Glas- und Fassadenfl\u00e4chen.<\/li><li><strong>Bauendreinigung:<\/strong>\u00a0Saubere \u00dcbergabe von Baustellen durch eine umfassende Reinigung nach Bauarbeiten.<\/li><li><strong>Individuelle L\u00f6sungen:<\/strong>\u00a0Flexible Reinigungspl\u00e4ne, die speziell auf Ihre Bed\u00fcrfnisse und den jeweiligen Einsatzbereich abgestimmt sind.<\/li><\/ul>\t\t\t\t\t\t\t\t<\/div>\n\t\t\t\t<\/div>\n\t\t\t\t<div class=\"elementor-element elementor-element-72f1e82c elementor-align-center elementor-widget elementor-widget-button\" data-id=\"72f1e82c\" data-element_type=\"widget\" data-widget_type=\"button.default\">\n\t\t\t\t<div class=\"elementor-widget-container\">\n\t\t\t\t\t\t\t\t\t<div class=\"elementor-button-wrapper\">\n\t\t\t\t\t<a class=\"elementor-button elementor-button-link elementor-size-sm\" href=\"https:\/\/azgruppe.eu\/tr\/terrassen-uberdachung\/\">\n\t\t\t\t\t\t<span class=\"elementor-button-content-wrapper\">\n\t\t\t\t\t\t\t\t\t<span class=\"elementor-button-text\">Mehr erfahren<\/span>\n\t\t\t\t\t<\/span>\n\t\t\t\t\t<\/a>\n\t\t\t\t<\/div>\n\t\t\t\t\t\t\t\t<\/div>\n\t\t\t\t<\/div>\n\t\t\t\t\t<\/div>\n\t\t<\/div>\n\t\t\t\t\t<\/div>\n\t\t<\/section>\n\t\t\t\t<\/div>","protected":false},"excerpt":{"rendered":"<p>Schnelle und Zuverl\u00e4ssige Umzugs- und Transportdienste! Azgruppe bietet Ihnen professionelle Umzugs- und Transportdienstleistungen an.Egal ob Privatumzug oder B\u00fcroumzug \u2013 wir bringen Ihr Hab und Gut schnell, sicher und problemlos an den neuen Standort.Mit einem erfahrenen Team und modernen Fahrzeugen garantieren wir, dass Ihr Umzugsgut unbesch\u00e4digt und p\u00fcnktlich ankommt. Mit Azgruppe umziehen \u2013 bequem und stressfrei! [&hellip;]<\/p>","protected":false},"author":1,"featured_media":0,"parent":0,"menu_order":0,"comment_status":"closed","ping_status":"closed","template":"elementor_header_footer","meta":{"footnotes":""},"class_list":["post-1738","page","type-page","status-publish","hentry"],"_links":{"self":[{"href":"https:\/\/azgruppe.eu\/tr\/wp-json\/wp\/v2\/pages\/1738","targetHints":{"allow":["GET"]}}],"collection":[{"href":"https:\/\/azgruppe.eu\/tr\/wp-json\/wp\/v2\/pages"}],"about":[{"href":"https:\/\/azgruppe.eu\/tr\/wp-json\/wp\/v2\/types\/page"}],"author":[{"embeddable":true,"href":"https:\/\/azgruppe.eu\/tr\/wp-json\/wp\/v2\/users\/1"}],"replies":[{"embeddable":true,"href":"https:\/\/azgruppe.eu\/tr\/wp-json\/wp\/v2\/comments?post=1738"}],"version-history":[{"count":10,"href":"https:\/\/azgruppe.eu\/tr\/wp-json\/wp\/v2\/pages\/1738\/revisions"}],"predecessor-version":[{"id":2533,"href":"https:\/\/azgruppe.eu\/tr\/wp-json\/wp\/v2\/pages\/1738\/revisions\/2533"}],"wp:attachment":[{"href":"https:\/\/azgruppe.eu\/tr\/wp-json\/wp\/v2\/media?parent=1738"}],"curies":[{"name":"wp","href":"https:\/\/api.w.org\/{rel}","templated":true}]}}