{"id":670,"date":"2024-12-17T14:14:23","date_gmt":"2024-12-17T11:14:23","guid":{"rendered":"https:\/\/azgruppe.eu\/?page_id=670"},"modified":"2025-01-16T13:16:51","modified_gmt":"2025-01-16T10:16:51","slug":"autohandel","status":"publish","type":"page","link":"https:\/\/azgruppe.eu\/tr\/autohandel\/","title":{"rendered":"Autohandel"},"content":{"rendered":"<div data-elementor-type=\"wp-page\" data-elementor-id=\"670\" class=\"elementor elementor-670\" data-elementor-post-type=\"page\">\n\t\t\t\t\t\t<section class=\"elementor-section elementor-top-section elementor-element elementor-element-2474fa36 elementor-section-height-min-height elementor-section-boxed elementor-section-height-default elementor-section-items-middle\" data-id=\"2474fa36\" data-element_type=\"section\" data-settings=\"{&quot;background_background&quot;:&quot;classic&quot;}\">\n\t\t\t\t\t\t\t<div class=\"elementor-background-overlay\"><\/div>\n\t\t\t\t\t\t\t<div class=\"elementor-container elementor-column-gap-default\">\n\t\t\t\t\t<div class=\"elementor-column elementor-col-100 elementor-top-column elementor-element elementor-element-7ea0dbd7\" data-id=\"7ea0dbd7\" data-element_type=\"column\">\n\t\t\t<div class=\"elementor-widget-wrap elementor-element-populated\">\n\t\t\t\t\t\t<div class=\"elementor-element elementor-element-7f6159f1 elementor-widget elementor-widget-heading\" data-id=\"7f6159f1\" data-element_type=\"widget\" data-widget_type=\"heading.default\">\n\t\t\t\t<div class=\"elementor-widget-container\">\n\t\t\t\t\t<h2 class=\"elementor-heading-title elementor-size-default\">Autohandel<\/h2>\t\t\t\t<\/div>\n\t\t\t\t<\/div>\n\t\t\t\t\t<\/div>\n\t\t<\/div>\n\t\t\t\t\t<\/div>\n\t\t<\/section>\n\t\t\t\t<section class=\"elementor-section elementor-top-section elementor-element elementor-element-190e9115 elementor-section-boxed elementor-section-height-default elementor-section-height-default\" data-id=\"190e9115\" data-element_type=\"section\">\n\t\t\t\t\t\t<div class=\"elementor-container elementor-column-gap-default\">\n\t\t\t\t\t<div class=\"elementor-column elementor-col-50 elementor-top-column elementor-element elementor-element-71dc7d07\" data-id=\"71dc7d07\" data-element_type=\"column\">\n\t\t\t<div class=\"elementor-widget-wrap elementor-element-populated\">\n\t\t\t\t\t\t<div class=\"elementor-element elementor-element-44372861 elementor-widget elementor-widget-spacer\" data-id=\"44372861\" data-element_type=\"widget\" data-widget_type=\"spacer.default\">\n\t\t\t\t<div class=\"elementor-widget-container\">\n\t\t\t\t\t\t\t<div class=\"elementor-spacer\">\n\t\t\t<div class=\"elementor-spacer-inner\"><\/div>\n\t\t<\/div>\n\t\t\t\t\t\t<\/div>\n\t\t\t\t<\/div>\n\t\t\t\t<div class=\"elementor-element elementor-element-57446e8 elementor-widget__width-auto elementor-widget-divider--view-line elementor-widget elementor-widget-divider\" data-id=\"57446e8\" data-element_type=\"widget\" data-widget_type=\"divider.default\">\n\t\t\t\t<div class=\"elementor-widget-container\">\n\t\t\t\t\t\t\t<div class=\"elementor-divider\">\n\t\t\t<span class=\"elementor-divider-separator\">\n\t\t\t\t\t\t<\/span>\n\t\t<\/div>\n\t\t\t\t\t\t<\/div>\n\t\t\t\t<\/div>\n\t\t\t\t<div class=\"elementor-element elementor-element-bc58ab3 elementor-widget elementor-widget-spacer\" data-id=\"bc58ab3\" data-element_type=\"widget\" data-widget_type=\"spacer.default\">\n\t\t\t\t<div class=\"elementor-widget-container\">\n\t\t\t\t\t\t\t<div class=\"elementor-spacer\">\n\t\t\t<div class=\"elementor-spacer-inner\"><\/div>\n\t\t<\/div>\n\t\t\t\t\t\t<\/div>\n\t\t\t\t<\/div>\n\t\t\t\t<div class=\"elementor-element elementor-element-3b3d06c3 elementor-widget elementor-widget-text-editor\" data-id=\"3b3d06c3\" data-element_type=\"widget\" data-widget_type=\"text-editor.default\">\n\t\t\t\t<div class=\"elementor-widget-container\">\n\t\t\t\t\t\t\t\t\t<div class=\"flex-1 overflow-hidden @container\/thread\">\n<div class=\"h-full\">\n<div class=\"react-scroll-to-bottom--css-uwpss-79elbk h-full\">\n<div class=\"react-scroll-to-bottom--css-uwpss-1n7m0yu\">\n<div class=\"flex flex-col text-sm md:pb-9\">\n<article class=\"w-full scroll-mb-[var(--thread-trailing-height,150px)] text-token-text-primary focus-visible:outline-2 focus-visible:outline-offset-[-4px]\" dir=\"auto\" data-testid=\"conversation-turn-19\" data-scroll-anchor=\"true\">\n<div class=\"m-auto text-base py-[18px] px-3 md:px-4 w-full md:px-5 lg:px-4 xl:px-5\">\n<div class=\"mx-auto flex flex-1 gap-4 text-base md:gap-5 lg:gap-6 md:max-w-3xl lg:max-w-[40rem] xl:max-w-[48rem]\">\n<div class=\"group\/conversation-turn relative flex w-full min-w-0 flex-col agent-turn\">\n<div class=\"flex-col gap-1 md:gap-3\">\n<div class=\"flex max-w-full flex-col flex-grow\">\n<div class=\"min-h-8 text-message flex w-full flex-col items-end gap-2 whitespace-normal break-words text-start [.text-message+&amp;]:mt-5\" dir=\"auto\" data-message-author-role=\"assistant\" data-message-id=\"d8f27b52-c024-4217-bfc1-ad1ebf57f181\" data-message-model-slug=\"gpt-4o\">\n<div class=\"flex w-full flex-col gap-1 empty:hidden first:pt-[3px]\">\n<div class=\"markdown prose w-full break-words dark:prose-invert light\">\n<h4><strong>Ihr vertrauensw\u00fcrdiger Partner im Autohandel<\/strong><\/h4>\n<p>Unser Unternehmen steht f\u00fcr Qualit\u00e4t, Transparenz und Kundenzufriedenheit im Autohandel. Wir bieten Ihnen eine breite Auswahl an Fahrzeugen, die Ihren individuellen Anspr\u00fcchen und W\u00fcnschen gerecht werden \u2013 vom Neuwagen bis hin zu gepflegten Gebrauchtwagen.<\/p>\n<p><img fetchpriority=\"high\" decoding=\"async\" class=\"size-medium wp-image-1065 alignnone\" src=\"https:\/\/azgruppe.eu\/wp-content\/uploads\/2025\/01\/seller-talking-customer-about-car-dealer-future-vehicle-owner-rental-center-service_575670-280-1-300x200.avif\" alt=\"\" width=\"300\" height=\"200\" srcset=\"https:\/\/azgruppe.eu\/wp-content\/uploads\/2025\/01\/seller-talking-customer-about-car-dealer-future-vehicle-owner-rental-center-service_575670-280-1-300x200.avif 300w, https:\/\/azgruppe.eu\/wp-content\/uploads\/2025\/01\/seller-talking-customer-about-car-dealer-future-vehicle-owner-rental-center-service_575670-280-1.avif 626w\" sizes=\"(max-width: 300px) 100vw, 300px\" \/><\/p>\n<h5><strong>Unsere Leistungen auf einen Blick:<\/strong><\/h5>\n<ul>\n<li><strong>Gro\u00dfe Fahrzeugauswahl:<\/strong> Finden Sie Ihr Traumauto aus unserem vielf\u00e4ltigen Angebot an Marken und Modellen.<\/li>\n<li><strong>Pers\u00f6nliche Beratung:<\/strong> Unser erfahrenes Team unterst\u00fctzt Sie bei der Auswahl des passenden Fahrzeugs und beantwortet all Ihre Fragen.<\/li>\n<li><strong>Faire Preise:<\/strong> Wir garantieren Ihnen transparente und marktgerechte Preise \u2013 ohne versteckte Kosten.<\/li>\n<li><strong>Finanzierung &amp; Leasing:<\/strong> Profitieren Sie von unseren flexiblen Finanzierungs- und Leasingangeboten, die sich Ihren Bed\u00fcrfnissen anpassen.<\/li>\n<li><strong>Ankauf von Fahrzeugen:<\/strong> Wir kaufen auch Ihr Fahrzeug zu fairen Konditionen \u2013 schnell und unkompliziert.<\/li>\n<\/ul>\n<h5><strong>Warum uns w\u00e4hlen?<\/strong><\/h5>\n<ul>\n<li><strong>Verl\u00e4sslichkeit:<\/strong> Wir stehen f\u00fcr h\u00f6chste Qualit\u00e4tsstandards und ehrliche Beratung.<\/li>\n<li><strong>Kundenn\u00e4he:<\/strong> Ihre Zufriedenheit ist unser Ziel \u2013 vor, w\u00e4hrend und nach dem Kauf.<\/li>\n<li><strong>Serviceorientierung:<\/strong> Ob Probefahrt, Zulassungsservice oder Garantie \u2013 wir bieten Ihnen einen Rundum-Service, damit Sie sorgenfrei fahren k\u00f6nnen.\n<\/li>\n<\/ul>\n<p>Besuchen Sie uns und lassen Sie sich von unserem Angebot \u00fcberzeugen. Wir freuen uns darauf, Ihnen bei der Suche nach Ihrem neuen Fahrzeug zu helfen!<\/p>\n<\/div>\n<\/div>\n<\/div>\n<\/div>\n<\/div>\n<\/div>\n<\/div>\n<\/div>\n<\/article>\n<\/div>\n<\/div>\n<\/div>\n<\/div>\n<\/div>\t\t\t\t\t\t\t\t<\/div>\n\t\t\t\t<\/div>\n\t\t\t\t<div class=\"elementor-element elementor-element-d453774 elementor-widget elementor-widget-spacer\" data-id=\"d453774\" data-element_type=\"widget\" data-widget_type=\"spacer.default\">\n\t\t\t\t<div class=\"elementor-widget-container\">\n\t\t\t\t\t\t\t<div class=\"elementor-spacer\">\n\t\t\t<div class=\"elementor-spacer-inner\"><\/div>\n\t\t<\/div>\n\t\t\t\t\t\t<\/div>\n\t\t\t\t<\/div>\n\t\t\t\t\t<\/div>\n\t\t<\/div>\n\t\t\t\t<div class=\"elementor-column elementor-col-50 elementor-top-column elementor-element elementor-element-6539afb7\" data-id=\"6539afb7\" data-element_type=\"column\">\n\t\t\t<div class=\"elementor-widget-wrap elementor-element-populated\">\n\t\t\t\t\t\t<div class=\"elementor-element elementor-element-52ed017 elementor-widget elementor-widget-image\" data-id=\"52ed017\" data-element_type=\"widget\" data-widget_type=\"image.default\">\n\t\t\t\t<div class=\"elementor-widget-container\">\n\t\t\t\t\t\t\t\t\t\t\t\t<figure class=\"wp-caption\">\n\t\t\t\t\t\t\t\t\t\t<img decoding=\"async\" src=\"https:\/\/azgruppe.eu\/wp-content\/uploads\/2025\/01\/756081075959649.jpg\" title=\"\" alt=\"\" loading=\"lazy\" \/>\t\t\t\t\t\t\t\t\t\t\t<figcaption class=\"widget-image-caption wp-caption-text\"><\/figcaption>\n\t\t\t\t\t\t\t\t\t\t<\/figure>\n\t\t\t\t\t\t\t\t\t<\/div>\n\t\t\t\t<\/div>\n\t\t\t\t\t<\/div>\n\t\t<\/div>\n\t\t\t\t\t<\/div>\n\t\t<\/section>\n\t\t\t\t<section class=\"elementor-section elementor-top-section elementor-element elementor-element-5ae55faa elementor-section-boxed elementor-section-height-default elementor-section-height-default\" data-id=\"5ae55faa\" data-element_type=\"section\" data-settings=\"{&quot;background_background&quot;:&quot;classic&quot;,&quot;shape_divider_top&quot;:&quot;opacity-tilt&quot;}\">\n\t\t\t\t\t<div class=\"elementor-shape elementor-shape-top\" aria-hidden=\"true\" data-negative=\"false\">\n\t\t\t<svg xmlns=\"http:\/\/www.w3.org\/2000\/svg\" viewbox=\"0 0 2600 131.1\" preserveaspectratio=\"none\">\n\t<path class=\"elementor-shape-fill\" d=\"M0 0L2600 0 2600 69.1 0 0z\"\/>\n\t<path class=\"elementor-shape-fill\" style=\"opacity:0.5\" d=\"M0 0L2600 0 2600 69.1 0 69.1z\"\/>\n\t<path class=\"elementor-shape-fill\" style=\"opacity:0.25\" d=\"M2600 0L0 0 0 130.1 2600 69.1z\"\/>\n<\/svg>\t\t<\/div>\n\t\t\t\t\t<div class=\"elementor-container elementor-column-gap-default\">\n\t\t\t\t\t<div class=\"elementor-column elementor-col-33 elementor-top-column elementor-element elementor-element-726a06e8\" data-id=\"726a06e8\" data-element_type=\"column\">\n\t\t\t<div class=\"elementor-widget-wrap elementor-element-populated\">\n\t\t\t\t\t\t<div class=\"elementor-element elementor-element-f6bfc0e elementor-view-default elementor-widget elementor-widget-icon\" data-id=\"f6bfc0e\" data-element_type=\"widget\" data-widget_type=\"icon.default\">\n\t\t\t\t<div class=\"elementor-widget-container\">\n\t\t\t\t\t\t\t<div class=\"elementor-icon-wrapper\">\n\t\t\t<div class=\"elementor-icon\">\n\t\t\t<i aria-hidden=\"true\" class=\"material-icons md-document_scanner\" data-md-icon=\"document_scanner\"><\/i>\t\t\t<\/div>\n\t\t<\/div>\n\t\t\t\t\t\t<\/div>\n\t\t\t\t<\/div>\n\t\t\t\t<div class=\"elementor-element elementor-element-94f8509 elementor-widget elementor-widget-counter\" data-id=\"94f8509\" data-element_type=\"widget\" data-widget_type=\"counter.default\">\n\t\t\t\t<div class=\"elementor-widget-container\">\n\t\t\t\t\t\t\t<div class=\"elementor-counter\">\n\t\t\t<div class=\"elementor-counter-title\">Projeler <\/div>\t\t\t<div class=\"elementor-counter-number-wrapper\">\n\t\t\t\t<span class=\"elementor-counter-number-prefix\"><\/span>\n\t\t\t\t<span class=\"elementor-counter-number\" data-duration=\"2000\" data-to-value=\"100\" data-from-value=\"0\" data-delimiter=\",\">0<\/span>\n\t\t\t\t<span class=\"elementor-counter-number-suffix\">+<\/span>\n\t\t\t<\/div>\n\t\t<\/div>\n\t\t\t\t\t\t<\/div>\n\t\t\t\t<\/div>\n\t\t\t\t\t<\/div>\n\t\t<\/div>\n\t\t\t\t<div class=\"elementor-column elementor-col-33 elementor-top-column elementor-element elementor-element-39829b58\" data-id=\"39829b58\" data-element_type=\"column\">\n\t\t\t<div class=\"elementor-widget-wrap elementor-element-populated\">\n\t\t\t\t\t\t<div class=\"elementor-element elementor-element-a808941 elementor-view-default elementor-widget elementor-widget-icon\" data-id=\"a808941\" data-element_type=\"widget\" data-widget_type=\"icon.default\">\n\t\t\t\t<div class=\"elementor-widget-container\">\n\t\t\t\t\t\t\t<div class=\"elementor-icon-wrapper\">\n\t\t\t<div class=\"elementor-icon\">\n\t\t\t<i aria-hidden=\"true\" class=\"fas fa-users\"><\/i>\t\t\t<\/div>\n\t\t<\/div>\n\t\t\t\t\t\t<\/div>\n\t\t\t\t<\/div>\n\t\t\t\t<div class=\"elementor-element elementor-element-b6957ef elementor-widget elementor-widget-counter\" data-id=\"b6957ef\" data-element_type=\"widget\" data-widget_type=\"counter.default\">\n\t\t\t\t<div class=\"elementor-widget-container\">\n\t\t\t\t\t\t\t<div class=\"elementor-counter\">\n\t\t\t<div class=\"elementor-counter-title\">Gl\u00fcckliche Kunden<\/div>\t\t\t<div class=\"elementor-counter-number-wrapper\">\n\t\t\t\t<span class=\"elementor-counter-number-prefix\"><\/span>\n\t\t\t\t<span class=\"elementor-counter-number\" data-duration=\"2000\" data-to-value=\"1000\" data-from-value=\"0\" data-delimiter=\",\">0<\/span>\n\t\t\t\t<span class=\"elementor-counter-number-suffix\">+<\/span>\n\t\t\t<\/div>\n\t\t<\/div>\n\t\t\t\t\t\t<\/div>\n\t\t\t\t<\/div>\n\t\t\t\t\t<\/div>\n\t\t<\/div>\n\t\t\t\t<div class=\"elementor-column elementor-col-33 elementor-top-column elementor-element elementor-element-18a1b21\" data-id=\"18a1b21\" data-element_type=\"column\">\n\t\t\t<div class=\"elementor-widget-wrap elementor-element-populated\">\n\t\t\t\t\t\t<div class=\"elementor-element elementor-element-fef8e7a elementor-view-default elementor-widget elementor-widget-icon\" data-id=\"fef8e7a\" data-element_type=\"widget\" data-widget_type=\"icon.default\">\n\t\t\t\t<div class=\"elementor-widget-container\">\n\t\t\t\t\t\t\t<div class=\"elementor-icon-wrapper\">\n\t\t\t<div class=\"elementor-icon\">\n\t\t\t<i aria-hidden=\"true\" class=\"fas fa-calendar-alt\"><\/i>\t\t\t<\/div>\n\t\t<\/div>\n\t\t\t\t\t\t<\/div>\n\t\t\t\t<\/div>\n\t\t\t\t<div class=\"elementor-element elementor-element-7c400d5 elementor-widget elementor-widget-counter\" data-id=\"7c400d5\" data-element_type=\"widget\" data-widget_type=\"counter.default\">\n\t\t\t\t<div class=\"elementor-widget-container\">\n\t\t\t\t\t\t\t<div class=\"elementor-counter\">\n\t\t\t<div class=\"elementor-counter-title\">Jahr mit dir<\/div>\t\t\t<div class=\"elementor-counter-number-wrapper\">\n\t\t\t\t<span class=\"elementor-counter-number-prefix\"><\/span>\n\t\t\t\t<span class=\"elementor-counter-number\" data-duration=\"2000\" data-to-value=\"19\" data-from-value=\"0\" data-delimiter=\",\">0<\/span>\n\t\t\t\t<span class=\"elementor-counter-number-suffix\">+<\/span>\n\t\t\t<\/div>\n\t\t<\/div>\n\t\t\t\t\t\t<\/div>\n\t\t\t\t<\/div>\n\t\t\t\t\t<\/div>\n\t\t<\/div>\n\t\t\t\t\t<\/div>\n\t\t<\/section>\n\t\t\t\t<\/div>","protected":false},"excerpt":{"rendered":"<p>Ihr vertrauensw\u00fcrdiger Partner im Autohandel Unser Unternehmen steht f\u00fcr Qualit\u00e4t, Transparenz und Kundenzufriedenheit im Autohandel. Wir bieten Ihnen eine breite Auswahl an Fahrzeugen, die Ihren individuellen Anspr\u00fcchen und W\u00fcnschen gerecht werden \u2013 vom Neuwagen bis hin zu gepflegten Gebrauchtwagen. Unsere Leistungen auf einen Blick: Gro\u00dfe Fahrzeugauswahl: Finden Sie Ihr Traumauto aus unserem vielf\u00e4ltigen Angebot an [&hellip;]<\/p>","protected":false},"author":1,"featured_media":0,"parent":0,"menu_order":0,"comment_status":"closed","ping_status":"closed","template":"elementor_header_footer","meta":{"footnotes":""},"class_list":["post-670","page","type-page","status-publish","hentry"],"_links":{"self":[{"href":"https:\/\/azgruppe.eu\/tr\/wp-json\/wp\/v2\/pages\/670","targetHints":{"allow":["GET"]}}],"collection":[{"href":"https:\/\/azgruppe.eu\/tr\/wp-json\/wp\/v2\/pages"}],"about":[{"href":"https:\/\/azgruppe.eu\/tr\/wp-json\/wp\/v2\/types\/page"}],"author":[{"embeddable":true,"href":"https:\/\/azgruppe.eu\/tr\/wp-json\/wp\/v2\/users\/1"}],"replies":[{"embeddable":true,"href":"https:\/\/azgruppe.eu\/tr\/wp-json\/wp\/v2\/comments?post=670"}],"version-history":[{"count":37,"href":"https:\/\/azgruppe.eu\/tr\/wp-json\/wp\/v2\/pages\/670\/revisions"}],"predecessor-version":[{"id":1075,"href":"https:\/\/azgruppe.eu\/tr\/wp-json\/wp\/v2\/pages\/670\/revisions\/1075"}],"wp:attachment":[{"href":"https:\/\/azgruppe.eu\/tr\/wp-json\/wp\/v2\/media?parent=670"}],"curies":[{"name":"wp","href":"https:\/\/api.w.org\/{rel}","templated":true}]}}