{"id":750,"date":"2025-01-08T22:27:53","date_gmt":"2025-01-08T19:27:53","guid":{"rendered":"https:\/\/azgruppe.eu\/?page_id=750"},"modified":"2025-01-08T23:10:59","modified_gmt":"2025-01-08T20:10:59","slug":"trockenbau","status":"publish","type":"page","link":"https:\/\/azgruppe.eu\/tr\/trockenbau\/","title":{"rendered":"Kuru yap\u0131"},"content":{"rendered":"<div data-elementor-type=\"wp-page\" data-elementor-id=\"750\" class=\"elementor elementor-750\" data-elementor-post-type=\"page\">\n\t\t\t\t\t\t<section class=\"elementor-section elementor-top-section elementor-element elementor-element-3d79b341 elementor-section-height-min-height elementor-section-boxed elementor-section-height-default elementor-section-items-middle\" data-id=\"3d79b341\" data-element_type=\"section\" data-settings=\"{&quot;background_background&quot;:&quot;classic&quot;}\">\n\t\t\t\t\t\t\t<div class=\"elementor-background-overlay\"><\/div>\n\t\t\t\t\t\t\t<div class=\"elementor-container elementor-column-gap-default\">\n\t\t\t\t\t<div class=\"elementor-column elementor-col-100 elementor-top-column elementor-element elementor-element-68543c60\" data-id=\"68543c60\" data-element_type=\"column\">\n\t\t\t<div class=\"elementor-widget-wrap elementor-element-populated\">\n\t\t\t\t\t\t<div class=\"elementor-element elementor-element-316a4d0a elementor-widget elementor-widget-heading\" data-id=\"316a4d0a\" data-element_type=\"widget\" data-widget_type=\"heading.default\">\n\t\t\t\t<div class=\"elementor-widget-container\">\n\t\t\t\t\t<h2 class=\"elementor-heading-title elementor-size-default\">Kuru yap\u0131<\/h2>\t\t\t\t<\/div>\n\t\t\t\t<\/div>\n\t\t\t\t\t<\/div>\n\t\t<\/div>\n\t\t\t\t\t<\/div>\n\t\t<\/section>\n\t\t\t\t<section class=\"elementor-section elementor-top-section elementor-element elementor-element-f30994b elementor-section-boxed elementor-section-height-default elementor-section-height-default\" data-id=\"f30994b\" data-element_type=\"section\">\n\t\t\t\t\t\t<div class=\"elementor-container elementor-column-gap-default\">\n\t\t\t\t\t<div class=\"elementor-column elementor-col-50 elementor-top-column elementor-element elementor-element-7dc0f6d5\" data-id=\"7dc0f6d5\" data-element_type=\"column\">\n\t\t\t<div class=\"elementor-widget-wrap elementor-element-populated\">\n\t\t\t\t\t\t<div class=\"elementor-element elementor-element-5658c779 elementor-widget__width-auto elementor-widget-divider--view-line elementor-widget elementor-widget-divider\" data-id=\"5658c779\" data-element_type=\"widget\" data-widget_type=\"divider.default\">\n\t\t\t\t<div class=\"elementor-widget-container\">\n\t\t\t\t\t\t\t<div class=\"elementor-divider\">\n\t\t\t<span class=\"elementor-divider-separator\">\n\t\t\t\t\t\t<\/span>\n\t\t<\/div>\n\t\t\t\t\t\t<\/div>\n\t\t\t\t<\/div>\n\t\t\t\t<div class=\"elementor-element elementor-element-37223482 elementor-widget elementor-widget-heading\" data-id=\"37223482\" data-element_type=\"widget\" data-widget_type=\"heading.default\">\n\t\t\t\t<div class=\"elementor-widget-container\">\n\t\t\t\t\t<h3 class=\"elementor-heading-title elementor-size-default\">Kuru yap\u0131<\/h3>\t\t\t\t<\/div>\n\t\t\t\t<\/div>\n\t\t\t\t<div class=\"elementor-element elementor-element-59f7502b elementor-widget elementor-widget-spacer\" data-id=\"59f7502b\" data-element_type=\"widget\" data-widget_type=\"spacer.default\">\n\t\t\t\t<div class=\"elementor-widget-container\">\n\t\t\t\t\t\t\t<div class=\"elementor-spacer\">\n\t\t\t<div class=\"elementor-spacer-inner\"><\/div>\n\t\t<\/div>\n\t\t\t\t\t\t<\/div>\n\t\t\t\t<\/div>\n\t\t\t\t<div class=\"elementor-element elementor-element-710f2d21 elementor-widget elementor-widget-text-editor\" data-id=\"710f2d21\" data-element_type=\"widget\" data-widget_type=\"text-editor.default\">\n\t\t\t\t<div class=\"elementor-widget-container\">\n\t\t\t\t\t\t\t\t\t<p><strong>Trockenbauarbeiten f\u00fcr Ihr Zuhause und Ihre Gesch\u00e4ftsr\u00e4ume<\/strong><\/p><p>Unser Team bietet Ihnen professionelle Trockenbauarbeiten, die sowohl funktional als auch \u00e4sthetisch \u00fcberzeugen. Ob Neubau, Renovierung oder Umbau \u2013 wir sorgen daf\u00fcr, dass Ihre R\u00e4ume mit hochwertigen Trockenbaul\u00f6sungen perfekt auf Ihre Bed\u00fcrfnisse abgestimmt werden.<\/p><p><strong>Unsere Leistungen im Trockenbau umfassen:<\/strong><\/p><p>Wand- und Deckensysteme: Wir erstellen stabile und optisch ansprechende W\u00e4nde und Decken, die sowohl als Raumteiler als auch als kreative Gestaltungselemente dienen k\u00f6nnen.<br \/>Brandschutz- und Schallschutzl\u00f6sungen: Mit hochwertigen Materialien gew\u00e4hrleisten wir, dass Ihre W\u00e4nde und Decken den h\u00f6chsten Standards in Sachen Brandschutz und Schallschutz entsprechen.<br \/>Verkleidungen und Isolierungen: Wir bieten ma\u00dfgeschneiderte L\u00f6sungen zur thermischen und akustischen Isolierung sowie f\u00fcr die optische Aufwertung von W\u00e4nden und Decken.<br \/>St\u00e4nderw\u00e4nde und Trockenbauelemente: Vom klassischen Trennwandsystem bis hin zu modernen, flexiblen L\u00f6sungen \u2013 wir realisieren Ihre Trockenbauw\u00e4nde pr\u00e4zise und zuverl\u00e4ssig.<br \/>Fassadenverkleidungen und Ausbau: Mit Trockenbau k\u00f6nnen wir auch Ihre Fassade verkleiden und Ihr Geb\u00e4ude nicht nur isolieren, sondern auch optisch aufwerten.<br \/>Warum Trockenbau?<\/p><p>Trockenbau hat viele Vorteile: Er ist kosteng\u00fcnstig, schnell umzusetzen und bietet eine hohe Flexibilit\u00e4t bei der Raumgestaltung. Durch den Einsatz innovativer Materialien erzielen wir eine hohe Energieeffizienz und schaffen f\u00fcr Sie ein gesundes Raumklima. Mit Trockenbau k\u00f6nnen Sie Ihre Ideen unkompliziert verwirklichen, sei es f\u00fcr eine individuelle Raumaufteilung oder eine moderne Akustikl\u00f6sung.<\/p><p>Ihr zuverl\u00e4ssiger Partner f\u00fcr Trockenbauarbeiten<\/p><p>Mit jahrelanger Erfahrung und fachkundigem Wissen garantieren wir Ihnen h\u00f6chste Qualit\u00e4t und eine termingerechte Ausf\u00fchrung. Wir arbeiten stets sorgf\u00e4ltig, pr\u00e4zise und mit Materialien, die h\u00f6chsten Anspr\u00fcchen gen\u00fcgen.<\/p><p><a href=\"https:\/\/azgruppe.eu\/tr\/kontakte\/\">Kontaktieren<\/a> Sie uns f\u00fcr eine individuelle Beratung und ein unverbindliches Angebot \u2013 wir freuen uns darauf, Ihre Trockenbauprojekte zu realisieren!<\/p>\t\t\t\t\t\t\t\t<\/div>\n\t\t\t\t<\/div>\n\t\t\t\t<div class=\"elementor-element elementor-element-62be3e2c elementor-widget elementor-widget-spacer\" data-id=\"62be3e2c\" data-element_type=\"widget\" data-widget_type=\"spacer.default\">\n\t\t\t\t<div class=\"elementor-widget-container\">\n\t\t\t\t\t\t\t<div class=\"elementor-spacer\">\n\t\t\t<div class=\"elementor-spacer-inner\"><\/div>\n\t\t<\/div>\n\t\t\t\t\t\t<\/div>\n\t\t\t\t<\/div>\n\t\t\t\t\t<\/div>\n\t\t<\/div>\n\t\t\t\t<div class=\"elementor-column elementor-col-50 elementor-top-column elementor-element elementor-element-4ba4d78c\" data-id=\"4ba4d78c\" data-element_type=\"column\">\n\t\t\t<div class=\"elementor-widget-wrap elementor-element-populated\">\n\t\t\t\t\t\t<div class=\"elementor-element elementor-element-6ece8b03 elementor-widget elementor-widget-image\" data-id=\"6ece8b03\" data-element_type=\"widget\" data-settings=\"{&quot;motion_fx_motion_fx_scrolling&quot;:&quot;yes&quot;,&quot;motion_fx_translateY_effect&quot;:&quot;yes&quot;,&quot;motion_fx_translateY_direction&quot;:&quot;negative&quot;,&quot;motion_fx_translateY_affectedRange&quot;:{&quot;unit&quot;:&quot;%&quot;,&quot;size&quot;:&quot;&quot;,&quot;sizes&quot;:{&quot;start&quot;:38,&quot;end&quot;:100}},&quot;motion_fx_translateY_speed&quot;:{&quot;unit&quot;:&quot;px&quot;,&quot;size&quot;:4,&quot;sizes&quot;:[]},&quot;motion_fx_devices&quot;:[&quot;desktop&quot;,&quot;tablet&quot;,&quot;mobile&quot;]}\" data-widget_type=\"image.default\">\n\t\t\t\t<div class=\"elementor-widget-container\">\n\t\t\t\t\t\t\t\t\t\t\t\t\t\t\t<img fetchpriority=\"high\" decoding=\"async\" width=\"800\" height=\"561\" src=\"https:\/\/azgruppe.eu\/wp-content\/uploads\/2025\/01\/drywall-001.jpg\" class=\"attachment-large size-large wp-image-763\" alt=\"\" srcset=\"https:\/\/azgruppe.eu\/wp-content\/uploads\/2025\/01\/drywall-001.jpg 800w, https:\/\/azgruppe.eu\/wp-content\/uploads\/2025\/01\/drywall-001-300x210.jpg 300w, https:\/\/azgruppe.eu\/wp-content\/uploads\/2025\/01\/drywall-001-768x539.jpg 768w, https:\/\/azgruppe.eu\/wp-content\/uploads\/2025\/01\/elementor\/thumbs\/drywall-001-qzpxlfcc72fw1015h32vy1osn1kkwjr5er07hp3z8k.jpg 15w\" sizes=\"(max-width: 800px) 100vw, 800px\" \/>\t\t\t\t\t\t\t\t\t\t\t\t\t\t\t<\/div>\n\t\t\t\t<\/div>\n\t\t\t\t\t<\/div>\n\t\t<\/div>\n\t\t\t\t\t<\/div>\n\t\t<\/section>\n\t\t\t\t<section class=\"elementor-section elementor-top-section elementor-element elementor-element-5517ca82 elementor-section-boxed elementor-section-height-default elementor-section-height-default\" data-id=\"5517ca82\" data-element_type=\"section\" data-settings=\"{&quot;background_background&quot;:&quot;classic&quot;,&quot;shape_divider_top&quot;:&quot;opacity-tilt&quot;}\">\n\t\t\t\t\t<div class=\"elementor-shape elementor-shape-top\" aria-hidden=\"true\" data-negative=\"false\">\n\t\t\t<svg xmlns=\"http:\/\/www.w3.org\/2000\/svg\" viewbox=\"0 0 2600 131.1\" preserveaspectratio=\"none\">\n\t<path class=\"elementor-shape-fill\" d=\"M0 0L2600 0 2600 69.1 0 0z\"\/>\n\t<path class=\"elementor-shape-fill\" style=\"opacity:0.5\" d=\"M0 0L2600 0 2600 69.1 0 69.1z\"\/>\n\t<path class=\"elementor-shape-fill\" style=\"opacity:0.25\" d=\"M2600 0L0 0 0 130.1 2600 69.1z\"\/>\n<\/svg>\t\t<\/div>\n\t\t\t\t\t<div class=\"elementor-container elementor-column-gap-default\">\n\t\t\t\t\t<div class=\"elementor-column elementor-col-33 elementor-top-column elementor-element elementor-element-6c9a9595\" data-id=\"6c9a9595\" data-element_type=\"column\">\n\t\t\t<div class=\"elementor-widget-wrap elementor-element-populated\">\n\t\t\t\t\t\t<div class=\"elementor-element elementor-element-4a9ddb71 elementor-view-default elementor-widget elementor-widget-icon\" data-id=\"4a9ddb71\" data-element_type=\"widget\" data-widget_type=\"icon.default\">\n\t\t\t\t<div class=\"elementor-widget-container\">\n\t\t\t\t\t\t\t<div class=\"elementor-icon-wrapper\">\n\t\t\t<div class=\"elementor-icon\">\n\t\t\t<i aria-hidden=\"true\" class=\"material-icons md-document_scanner\" data-md-icon=\"document_scanner\"><\/i>\t\t\t<\/div>\n\t\t<\/div>\n\t\t\t\t\t\t<\/div>\n\t\t\t\t<\/div>\n\t\t\t\t<div class=\"elementor-element elementor-element-23c7c648 elementor-widget elementor-widget-counter\" data-id=\"23c7c648\" data-element_type=\"widget\" data-widget_type=\"counter.default\">\n\t\t\t\t<div class=\"elementor-widget-container\">\n\t\t\t\t\t\t\t<div class=\"elementor-counter\">\n\t\t\t<div class=\"elementor-counter-title\">Projeler <\/div>\t\t\t<div class=\"elementor-counter-number-wrapper\">\n\t\t\t\t<span class=\"elementor-counter-number-prefix\"><\/span>\n\t\t\t\t<span class=\"elementor-counter-number\" data-duration=\"2000\" data-to-value=\"100\" data-from-value=\"0\" data-delimiter=\",\">0<\/span>\n\t\t\t\t<span class=\"elementor-counter-number-suffix\">+<\/span>\n\t\t\t<\/div>\n\t\t<\/div>\n\t\t\t\t\t\t<\/div>\n\t\t\t\t<\/div>\n\t\t\t\t\t<\/div>\n\t\t<\/div>\n\t\t\t\t<div class=\"elementor-column elementor-col-33 elementor-top-column elementor-element elementor-element-255f8f64\" data-id=\"255f8f64\" data-element_type=\"column\">\n\t\t\t<div class=\"elementor-widget-wrap elementor-element-populated\">\n\t\t\t\t\t\t<div class=\"elementor-element elementor-element-65ed45c5 elementor-view-default elementor-widget elementor-widget-icon\" data-id=\"65ed45c5\" data-element_type=\"widget\" data-widget_type=\"icon.default\">\n\t\t\t\t<div class=\"elementor-widget-container\">\n\t\t\t\t\t\t\t<div class=\"elementor-icon-wrapper\">\n\t\t\t<div class=\"elementor-icon\">\n\t\t\t<i aria-hidden=\"true\" class=\"fas fa-users\"><\/i>\t\t\t<\/div>\n\t\t<\/div>\n\t\t\t\t\t\t<\/div>\n\t\t\t\t<\/div>\n\t\t\t\t<div class=\"elementor-element elementor-element-6f24a92f elementor-widget elementor-widget-counter\" data-id=\"6f24a92f\" data-element_type=\"widget\" data-widget_type=\"counter.default\">\n\t\t\t\t<div class=\"elementor-widget-container\">\n\t\t\t\t\t\t\t<div class=\"elementor-counter\">\n\t\t\t<div class=\"elementor-counter-title\">Gl\u00fcckliche Kunden<\/div>\t\t\t<div class=\"elementor-counter-number-wrapper\">\n\t\t\t\t<span class=\"elementor-counter-number-prefix\"><\/span>\n\t\t\t\t<span class=\"elementor-counter-number\" data-duration=\"2000\" data-to-value=\"1000\" data-from-value=\"0\" data-delimiter=\",\">0<\/span>\n\t\t\t\t<span class=\"elementor-counter-number-suffix\">+<\/span>\n\t\t\t<\/div>\n\t\t<\/div>\n\t\t\t\t\t\t<\/div>\n\t\t\t\t<\/div>\n\t\t\t\t\t<\/div>\n\t\t<\/div>\n\t\t\t\t<div class=\"elementor-column elementor-col-33 elementor-top-column elementor-element elementor-element-5234370a\" data-id=\"5234370a\" data-element_type=\"column\">\n\t\t\t<div class=\"elementor-widget-wrap elementor-element-populated\">\n\t\t\t\t\t\t<div class=\"elementor-element elementor-element-11544e15 elementor-view-default elementor-widget elementor-widget-icon\" data-id=\"11544e15\" data-element_type=\"widget\" data-widget_type=\"icon.default\">\n\t\t\t\t<div class=\"elementor-widget-container\">\n\t\t\t\t\t\t\t<div class=\"elementor-icon-wrapper\">\n\t\t\t<div class=\"elementor-icon\">\n\t\t\t<i aria-hidden=\"true\" class=\"fas fa-calendar-alt\"><\/i>\t\t\t<\/div>\n\t\t<\/div>\n\t\t\t\t\t\t<\/div>\n\t\t\t\t<\/div>\n\t\t\t\t<div class=\"elementor-element elementor-element-12144684 elementor-widget elementor-widget-counter\" data-id=\"12144684\" data-element_type=\"widget\" data-widget_type=\"counter.default\">\n\t\t\t\t<div class=\"elementor-widget-container\">\n\t\t\t\t\t\t\t<div class=\"elementor-counter\">\n\t\t\t<div class=\"elementor-counter-title\">Jahr mit dir<\/div>\t\t\t<div class=\"elementor-counter-number-wrapper\">\n\t\t\t\t<span class=\"elementor-counter-number-prefix\"><\/span>\n\t\t\t\t<span class=\"elementor-counter-number\" data-duration=\"2000\" data-to-value=\"19\" data-from-value=\"0\" data-delimiter=\",\">0<\/span>\n\t\t\t\t<span class=\"elementor-counter-number-suffix\">+<\/span>\n\t\t\t<\/div>\n\t\t<\/div>\n\t\t\t\t\t\t<\/div>\n\t\t\t\t<\/div>\n\t\t\t\t\t<\/div>\n\t\t<\/div>\n\t\t\t\t\t<\/div>\n\t\t<\/section>\n\t\t\t\t<section class=\"elementor-section elementor-top-section elementor-element elementor-element-88bb219 elementor-section-boxed elementor-section-height-default elementor-section-height-default\" data-id=\"88bb219\" data-element_type=\"section\">\n\t\t\t\t\t\t<div class=\"elementor-container elementor-column-gap-default\">\n\t\t\t\t\t<div class=\"elementor-column elementor-col-100 elementor-top-column elementor-element elementor-element-be375a4\" data-id=\"be375a4\" data-element_type=\"column\">\n\t\t\t<div class=\"elementor-widget-wrap elementor-element-populated\">\n\t\t\t\t\t\t<div class=\"elementor-element elementor-element-014e2cf elementor-widget elementor-widget-heading\" data-id=\"014e2cf\" data-element_type=\"widget\" data-widget_type=\"heading.default\">\n\t\t\t\t<div class=\"elementor-widget-container\">\n\t\t\t\t\t<h2 class=\"elementor-heading-title elementor-size-default\">Kuru yap\u0131<\/h2>\t\t\t\t<\/div>\n\t\t\t\t<\/div>\n\t\t\t\t\t<\/div>\n\t\t<\/div>\n\t\t\t\t\t<\/div>\n\t\t<\/section>\n\t\t\t\t<\/div>","protected":false},"excerpt":{"rendered":"<p>Trockenbau Trockenbauarbeiten f\u00fcr Ihr Zuhause und Ihre Gesch\u00e4ftsr\u00e4ume Unser Team bietet Ihnen professionelle Trockenbauarbeiten, die sowohl funktional als auch \u00e4sthetisch \u00fcberzeugen. Ob Neubau, Renovierung oder Umbau \u2013 wir sorgen daf\u00fcr, dass Ihre R\u00e4ume mit hochwertigen Trockenbaul\u00f6sungen perfekt auf Ihre Bed\u00fcrfnisse abgestimmt werden. Unsere Leistungen im Trockenbau umfassen: Wand- und Deckensysteme: Wir erstellen stabile und optisch [&hellip;]<\/p>","protected":false},"author":1,"featured_media":0,"parent":0,"menu_order":0,"comment_status":"closed","ping_status":"closed","template":"elementor_header_footer","meta":{"footnotes":""},"class_list":["post-750","page","type-page","status-publish","hentry"],"_links":{"self":[{"href":"https:\/\/azgruppe.eu\/tr\/wp-json\/wp\/v2\/pages\/750","targetHints":{"allow":["GET"]}}],"collection":[{"href":"https:\/\/azgruppe.eu\/tr\/wp-json\/wp\/v2\/pages"}],"about":[{"href":"https:\/\/azgruppe.eu\/tr\/wp-json\/wp\/v2\/types\/page"}],"author":[{"embeddable":true,"href":"https:\/\/azgruppe.eu\/tr\/wp-json\/wp\/v2\/users\/1"}],"replies":[{"embeddable":true,"href":"https:\/\/azgruppe.eu\/tr\/wp-json\/wp\/v2\/comments?post=750"}],"version-history":[{"count":17,"href":"https:\/\/azgruppe.eu\/tr\/wp-json\/wp\/v2\/pages\/750\/revisions"}],"predecessor-version":[{"id":774,"href":"https:\/\/azgruppe.eu\/tr\/wp-json\/wp\/v2\/pages\/750\/revisions\/774"}],"wp:attachment":[{"href":"https:\/\/azgruppe.eu\/tr\/wp-json\/wp\/v2\/media?parent=750"}],"curies":[{"name":"wp","href":"https:\/\/api.w.org\/{rel}","templated":true}]}}