{"id":806,"date":"2025-01-08T23:56:46","date_gmt":"2025-01-08T20:56:46","guid":{"rendered":"https:\/\/azgruppe.eu\/?page_id=806"},"modified":"2025-08-26T17:19:33","modified_gmt":"2025-08-26T14:19:33","slug":"abbau","status":"publish","type":"page","link":"https:\/\/azgruppe.eu\/tr\/abbau\/","title":{"rendered":"S\u00f6k\u00fcm"},"content":{"rendered":"<div data-elementor-type=\"wp-page\" data-elementor-id=\"806\" class=\"elementor elementor-806\" data-elementor-post-type=\"page\">\n\t\t\t\t\t\t<section class=\"elementor-section elementor-top-section elementor-element elementor-element-55712188 elementor-section-height-min-height elementor-section-boxed elementor-section-height-default elementor-section-items-middle\" data-id=\"55712188\" data-element_type=\"section\" data-settings=\"{&quot;background_background&quot;:&quot;classic&quot;}\">\n\t\t\t\t\t\t\t<div class=\"elementor-background-overlay\"><\/div>\n\t\t\t\t\t\t\t<div class=\"elementor-container elementor-column-gap-default\">\n\t\t\t\t\t<div class=\"elementor-column elementor-col-100 elementor-top-column elementor-element elementor-element-acbce9b\" data-id=\"acbce9b\" data-element_type=\"column\">\n\t\t\t<div class=\"elementor-widget-wrap elementor-element-populated\">\n\t\t\t\t\t\t<div class=\"elementor-element elementor-element-2fd5852f elementor-widget elementor-widget-heading\" data-id=\"2fd5852f\" data-element_type=\"widget\" data-widget_type=\"heading.default\">\n\t\t\t\t<div class=\"elementor-widget-container\">\n\t\t\t\t\t<h2 class=\"elementor-heading-title elementor-size-default\">S\u00f6k\u00fcm<\/h2>\t\t\t\t<\/div>\n\t\t\t\t<\/div>\n\t\t\t\t\t<\/div>\n\t\t<\/div>\n\t\t\t\t\t<\/div>\n\t\t<\/section>\n\t\t\t\t<section class=\"elementor-section elementor-top-section elementor-element elementor-element-7cabf942 elementor-section-boxed elementor-section-height-default elementor-section-height-default\" data-id=\"7cabf942\" data-element_type=\"section\">\n\t\t\t\t\t\t<div class=\"elementor-container elementor-column-gap-default\">\n\t\t\t\t\t<div class=\"elementor-column elementor-col-50 elementor-top-column elementor-element elementor-element-ca9e513\" data-id=\"ca9e513\" data-element_type=\"column\">\n\t\t\t<div class=\"elementor-widget-wrap elementor-element-populated\">\n\t\t\t\t\t\t<div class=\"elementor-element elementor-element-6d8e5d5a elementor-widget elementor-widget-spacer\" data-id=\"6d8e5d5a\" data-element_type=\"widget\" data-widget_type=\"spacer.default\">\n\t\t\t\t<div class=\"elementor-widget-container\">\n\t\t\t\t\t\t\t<div class=\"elementor-spacer\">\n\t\t\t<div class=\"elementor-spacer-inner\"><\/div>\n\t\t<\/div>\n\t\t\t\t\t\t<\/div>\n\t\t\t\t<\/div>\n\t\t\t\t<div class=\"elementor-element elementor-element-63ed0c36 elementor-widget__width-auto elementor-widget-divider--view-line elementor-widget elementor-widget-divider\" data-id=\"63ed0c36\" data-element_type=\"widget\" data-widget_type=\"divider.default\">\n\t\t\t\t<div class=\"elementor-widget-container\">\n\t\t\t\t\t\t\t<div class=\"elementor-divider\">\n\t\t\t<span class=\"elementor-divider-separator\">\n\t\t\t\t\t\t<\/span>\n\t\t<\/div>\n\t\t\t\t\t\t<\/div>\n\t\t\t\t<\/div>\n\t\t\t\t<div class=\"elementor-element elementor-element-ce02e0c elementor-widget elementor-widget-heading\" data-id=\"ce02e0c\" data-element_type=\"widget\" data-widget_type=\"heading.default\">\n\t\t\t\t<div class=\"elementor-widget-container\">\n\t\t\t\t\t<h4 class=\"elementor-heading-title elementor-size-default\">Abbau, Entkernung und Entr\u00fcmpelung \u2013 Ihre Experten f\u00fcr den ersten Schritt<\/h4>\t\t\t\t<\/div>\n\t\t\t\t<\/div>\n\t\t\t\t<div class=\"elementor-element elementor-element-3ac46a45 elementor-widget elementor-widget-spacer\" data-id=\"3ac46a45\" data-element_type=\"widget\" data-widget_type=\"spacer.default\">\n\t\t\t\t<div class=\"elementor-widget-container\">\n\t\t\t\t\t\t\t<div class=\"elementor-spacer\">\n\t\t\t<div class=\"elementor-spacer-inner\"><\/div>\n\t\t<\/div>\n\t\t\t\t\t\t<\/div>\n\t\t\t\t<\/div>\n\t\t\t\t<div class=\"elementor-element elementor-element-610f243 elementor-widget elementor-widget-text-editor\" data-id=\"610f243\" data-element_type=\"widget\" data-widget_type=\"text-editor.default\">\n\t\t\t\t<div class=\"elementor-widget-container\">\n\t\t\t\t\t\t\t\t\t<p>Wir bieten Ihnen umfassende Dienstleistungen rund um den Abbau, die Entkernung, die Entr\u00fcmpelung und die fachgerechte Entsorgung von Bauschutt. Egal, ob Sie ein altes Geb\u00e4ude renovieren, einen Umbau durchf\u00fchren oder einfach Platz f\u00fcr Neues schaffen m\u00f6chten \u2013 wir sind Ihr zuverl\u00e4ssiger Partner f\u00fcr alle Vorbereitungsarbeiten.<\/p><h5>Entkernung<\/h5><p>Bei der <strong>Entkernung<\/strong> eines Geb\u00e4udes entfernen wir s\u00e4mtliche nicht tragenden Bauelemente und Materialien, um Platz f\u00fcr Neubauten oder Renovierungen zu schaffen. Diese Arbeiten erfordern Pr\u00e4zision und Erfahrung, da wir gleichzeitig den Schutz der tragenden Struktur und eine ordnungsgem\u00e4\u00dfe Entsorgung gew\u00e4hrleisten.<\/p><h5>Entr\u00fcmpelung<\/h5><p>Unsere <strong>Entr\u00fcmpelungsdienste<\/strong> helfen Ihnen, alte M\u00f6bel, Haushaltsgegenst\u00e4nde, Lagerbest\u00e4nde oder Abf\u00e4lle schnell und effizient zu beseitigen. Wir k\u00fcmmern uns um die komplette R\u00e4umung \u2013 von der Planung bis hin zur fachgerechten Entsorgung. Dabei beachten wir stets die Vorgaben zur Wiederverwertung und M\u00fclltrennung.<\/p><h5>Demontage<\/h5><p>Mit unserer <strong>Demontage<\/strong> entfernen wir fachgerecht s\u00e4mtliche Bauelemente, wie T\u00fcren, Fenster, Heizungen oder Leitungen. Wir arbeiten mit modernem Werkzeug und gew\u00e4hrleisten eine schnelle und saubere Ausf\u00fchrung ohne Sch\u00e4den an bestehenden Strukturen.<\/p><h5>Entsorgung von Bauschutt<\/h5><p>Die <strong>Entsorgung von Bauschutt<\/strong> erfolgt durch uns unter Beachtung aller relevanten Umwelt- und Entsorgungsvorgaben. Wir sorgen daf\u00fcr, dass alle anfallenden Materialien, wie Beton, Ziegel, Holz und Metalle, umweltgerecht sortiert und recycelt werden. So leisten wir einen Beitrag zur Ressourcenschonung und Abfallvermeidung.<\/p><hr \/><p>Mit unserer langj\u00e4hrigen Erfahrung garantieren wir Ihnen eine saubere, schnelle und umweltbewusste Durchf\u00fchrung der Abbauarbeiten. <a href=\"https:\/\/azgruppe.eu\/tr\/kontakte\/\">Kontaktieren<\/a> Sie uns noch heute und lassen Sie uns gemeinsam Ihre Baustelle f\u00fcr den n\u00e4chsten Schritt vorbereiten!<\/p>\t\t\t\t\t\t\t\t<\/div>\n\t\t\t\t<\/div>\n\t\t\t\t<div class=\"elementor-element elementor-element-12aec6de elementor-widget elementor-widget-spacer\" data-id=\"12aec6de\" data-element_type=\"widget\" data-widget_type=\"spacer.default\">\n\t\t\t\t<div class=\"elementor-widget-container\">\n\t\t\t\t\t\t\t<div class=\"elementor-spacer\">\n\t\t\t<div class=\"elementor-spacer-inner\"><\/div>\n\t\t<\/div>\n\t\t\t\t\t\t<\/div>\n\t\t\t\t<\/div>\n\t\t\t\t\t<\/div>\n\t\t<\/div>\n\t\t\t\t<div class=\"elementor-column elementor-col-50 elementor-top-column elementor-element elementor-element-2c461254\" data-id=\"2c461254\" data-element_type=\"column\">\n\t\t\t<div class=\"elementor-widget-wrap elementor-element-populated\">\n\t\t\t\t\t\t<div class=\"elementor-element elementor-element-dbaf787 elementor-widget elementor-widget-image\" data-id=\"dbaf787\" data-element_type=\"widget\" data-settings=\"{&quot;motion_fx_motion_fx_scrolling&quot;:&quot;yes&quot;,&quot;motion_fx_translateY_effect&quot;:&quot;yes&quot;,&quot;motion_fx_translateY_direction&quot;:&quot;negative&quot;,&quot;motion_fx_translateY_affectedRange&quot;:{&quot;unit&quot;:&quot;%&quot;,&quot;size&quot;:&quot;&quot;,&quot;sizes&quot;:{&quot;start&quot;:38,&quot;end&quot;:100}},&quot;motion_fx_translateY_speed&quot;:{&quot;unit&quot;:&quot;px&quot;,&quot;size&quot;:4,&quot;sizes&quot;:[]},&quot;motion_fx_devices&quot;:[&quot;desktop&quot;,&quot;tablet&quot;,&quot;mobile&quot;]}\" data-widget_type=\"image.default\">\n\t\t\t\t<div class=\"elementor-widget-container\">\n\t\t\t\t\t\t\t\t\t\t\t\t\t\t\t<img fetchpriority=\"high\" decoding=\"async\" width=\"800\" height=\"534\" src=\"https:\/\/azgruppe.eu\/wp-content\/uploads\/2025\/01\/6c310861e8896b8be54f480f6a761483-1024x684.jpg\" class=\"attachment-large size-large wp-image-818\" alt=\"\" srcset=\"https:\/\/azgruppe.eu\/wp-content\/uploads\/2025\/01\/6c310861e8896b8be54f480f6a761483-1024x684.jpg 1024w, https:\/\/azgruppe.eu\/wp-content\/uploads\/2025\/01\/6c310861e8896b8be54f480f6a761483-300x200.jpg 300w, https:\/\/azgruppe.eu\/wp-content\/uploads\/2025\/01\/6c310861e8896b8be54f480f6a761483-768x513.jpg 768w, https:\/\/azgruppe.eu\/wp-content\/uploads\/2025\/01\/6c310861e8896b8be54f480f6a761483.jpg 1110w\" sizes=\"(max-width: 800px) 100vw, 800px\" \/>\t\t\t\t\t\t\t\t\t\t\t\t\t\t\t<\/div>\n\t\t\t\t<\/div>\n\t\t\t\t\t<\/div>\n\t\t<\/div>\n\t\t\t\t\t<\/div>\n\t\t<\/section>\n\t\t\t\t<section class=\"elementor-section elementor-top-section elementor-element elementor-element-4ddf6594 elementor-section-boxed elementor-section-height-default elementor-section-height-default\" data-id=\"4ddf6594\" data-element_type=\"section\" data-settings=\"{&quot;background_background&quot;:&quot;classic&quot;,&quot;shape_divider_top&quot;:&quot;opacity-tilt&quot;}\">\n\t\t\t\t\t<div class=\"elementor-shape elementor-shape-top\" aria-hidden=\"true\" data-negative=\"false\">\n\t\t\t<svg xmlns=\"http:\/\/www.w3.org\/2000\/svg\" viewbox=\"0 0 2600 131.1\" preserveaspectratio=\"none\">\n\t<path class=\"elementor-shape-fill\" d=\"M0 0L2600 0 2600 69.1 0 0z\"\/>\n\t<path class=\"elementor-shape-fill\" style=\"opacity:0.5\" d=\"M0 0L2600 0 2600 69.1 0 69.1z\"\/>\n\t<path class=\"elementor-shape-fill\" style=\"opacity:0.25\" d=\"M2600 0L0 0 0 130.1 2600 69.1z\"\/>\n<\/svg>\t\t<\/div>\n\t\t\t\t\t<div class=\"elementor-container elementor-column-gap-default\">\n\t\t\t\t\t<div class=\"elementor-column elementor-col-33 elementor-top-column elementor-element elementor-element-3a6fe4e8\" data-id=\"3a6fe4e8\" data-element_type=\"column\">\n\t\t\t<div class=\"elementor-widget-wrap elementor-element-populated\">\n\t\t\t\t\t\t<div class=\"elementor-element elementor-element-2393ed55 elementor-view-default elementor-widget elementor-widget-icon\" data-id=\"2393ed55\" data-element_type=\"widget\" data-widget_type=\"icon.default\">\n\t\t\t\t<div class=\"elementor-widget-container\">\n\t\t\t\t\t\t\t<div class=\"elementor-icon-wrapper\">\n\t\t\t<div class=\"elementor-icon\">\n\t\t\t<i aria-hidden=\"true\" class=\"material-icons md-document_scanner\" data-md-icon=\"document_scanner\"><\/i>\t\t\t<\/div>\n\t\t<\/div>\n\t\t\t\t\t\t<\/div>\n\t\t\t\t<\/div>\n\t\t\t\t<div class=\"elementor-element elementor-element-ce78c49 elementor-widget elementor-widget-counter\" data-id=\"ce78c49\" data-element_type=\"widget\" data-widget_type=\"counter.default\">\n\t\t\t\t<div class=\"elementor-widget-container\">\n\t\t\t\t\t\t\t<div class=\"elementor-counter\">\n\t\t\t<div class=\"elementor-counter-title\">Projeler <\/div>\t\t\t<div class=\"elementor-counter-number-wrapper\">\n\t\t\t\t<span class=\"elementor-counter-number-prefix\"><\/span>\n\t\t\t\t<span class=\"elementor-counter-number\" data-duration=\"2000\" data-to-value=\"100\" data-from-value=\"0\" data-delimiter=\",\">0<\/span>\n\t\t\t\t<span class=\"elementor-counter-number-suffix\">+<\/span>\n\t\t\t<\/div>\n\t\t<\/div>\n\t\t\t\t\t\t<\/div>\n\t\t\t\t<\/div>\n\t\t\t\t\t<\/div>\n\t\t<\/div>\n\t\t\t\t<div class=\"elementor-column elementor-col-33 elementor-top-column elementor-element elementor-element-780a7979\" data-id=\"780a7979\" data-element_type=\"column\">\n\t\t\t<div class=\"elementor-widget-wrap elementor-element-populated\">\n\t\t\t\t\t\t<div class=\"elementor-element elementor-element-7cc7093f elementor-view-default elementor-widget elementor-widget-icon\" data-id=\"7cc7093f\" data-element_type=\"widget\" data-widget_type=\"icon.default\">\n\t\t\t\t<div class=\"elementor-widget-container\">\n\t\t\t\t\t\t\t<div class=\"elementor-icon-wrapper\">\n\t\t\t<div class=\"elementor-icon\">\n\t\t\t<i aria-hidden=\"true\" class=\"fas fa-users\"><\/i>\t\t\t<\/div>\n\t\t<\/div>\n\t\t\t\t\t\t<\/div>\n\t\t\t\t<\/div>\n\t\t\t\t<div class=\"elementor-element elementor-element-4355cb5a elementor-widget elementor-widget-counter\" data-id=\"4355cb5a\" data-element_type=\"widget\" data-widget_type=\"counter.default\">\n\t\t\t\t<div class=\"elementor-widget-container\">\n\t\t\t\t\t\t\t<div class=\"elementor-counter\">\n\t\t\t<div class=\"elementor-counter-title\">Gl\u00fcckliche Kunden<\/div>\t\t\t<div class=\"elementor-counter-number-wrapper\">\n\t\t\t\t<span class=\"elementor-counter-number-prefix\"><\/span>\n\t\t\t\t<span class=\"elementor-counter-number\" data-duration=\"2000\" data-to-value=\"1000\" data-from-value=\"0\" data-delimiter=\",\">0<\/span>\n\t\t\t\t<span class=\"elementor-counter-number-suffix\">+<\/span>\n\t\t\t<\/div>\n\t\t<\/div>\n\t\t\t\t\t\t<\/div>\n\t\t\t\t<\/div>\n\t\t\t\t\t<\/div>\n\t\t<\/div>\n\t\t\t\t<div class=\"elementor-column elementor-col-33 elementor-top-column elementor-element elementor-element-50e63d86\" data-id=\"50e63d86\" data-element_type=\"column\">\n\t\t\t<div class=\"elementor-widget-wrap elementor-element-populated\">\n\t\t\t\t\t\t<div class=\"elementor-element elementor-element-3a07259b elementor-view-default elementor-widget elementor-widget-icon\" data-id=\"3a07259b\" data-element_type=\"widget\" data-widget_type=\"icon.default\">\n\t\t\t\t<div class=\"elementor-widget-container\">\n\t\t\t\t\t\t\t<div class=\"elementor-icon-wrapper\">\n\t\t\t<div class=\"elementor-icon\">\n\t\t\t<i aria-hidden=\"true\" class=\"fas fa-calendar-alt\"><\/i>\t\t\t<\/div>\n\t\t<\/div>\n\t\t\t\t\t\t<\/div>\n\t\t\t\t<\/div>\n\t\t\t\t<div class=\"elementor-element elementor-element-1711fb29 elementor-widget elementor-widget-counter\" data-id=\"1711fb29\" data-element_type=\"widget\" data-widget_type=\"counter.default\">\n\t\t\t\t<div class=\"elementor-widget-container\">\n\t\t\t\t\t\t\t<div class=\"elementor-counter\">\n\t\t\t<div class=\"elementor-counter-title\">Jahr mit dir<\/div>\t\t\t<div class=\"elementor-counter-number-wrapper\">\n\t\t\t\t<span class=\"elementor-counter-number-prefix\"><\/span>\n\t\t\t\t<span class=\"elementor-counter-number\" data-duration=\"2000\" data-to-value=\"19\" data-from-value=\"0\" data-delimiter=\",\">0<\/span>\n\t\t\t\t<span class=\"elementor-counter-number-suffix\">+<\/span>\n\t\t\t<\/div>\n\t\t<\/div>\n\t\t\t\t\t\t<\/div>\n\t\t\t\t<\/div>\n\t\t\t\t\t<\/div>\n\t\t<\/div>\n\t\t\t\t\t<\/div>\n\t\t<\/section>\n\t\t\t\t<\/div>","protected":false},"excerpt":{"rendered":"<p>Abbau, Entkernung und Entr\u00fcmpelung \u2013 Ihre Experten f\u00fcr den ersten Schritt Wir bieten Ihnen umfassende Dienstleistungen rund um den Abbau, die Entkernung, die Entr\u00fcmpelung und die fachgerechte Entsorgung von Bauschutt. Egal, ob Sie ein altes Geb\u00e4ude renovieren, einen Umbau durchf\u00fchren oder einfach Platz f\u00fcr Neues schaffen m\u00f6chten \u2013 wir sind Ihr zuverl\u00e4ssiger Partner f\u00fcr alle [&hellip;]<\/p>","protected":false},"author":1,"featured_media":0,"parent":0,"menu_order":0,"comment_status":"closed","ping_status":"closed","template":"elementor_header_footer","meta":{"footnotes":""},"class_list":["post-806","page","type-page","status-publish","hentry"],"_links":{"self":[{"href":"https:\/\/azgruppe.eu\/tr\/wp-json\/wp\/v2\/pages\/806","targetHints":{"allow":["GET"]}}],"collection":[{"href":"https:\/\/azgruppe.eu\/tr\/wp-json\/wp\/v2\/pages"}],"about":[{"href":"https:\/\/azgruppe.eu\/tr\/wp-json\/wp\/v2\/types\/page"}],"author":[{"embeddable":true,"href":"https:\/\/azgruppe.eu\/tr\/wp-json\/wp\/v2\/users\/1"}],"replies":[{"embeddable":true,"href":"https:\/\/azgruppe.eu\/tr\/wp-json\/wp\/v2\/comments?post=806"}],"version-history":[{"count":16,"href":"https:\/\/azgruppe.eu\/tr\/wp-json\/wp\/v2\/pages\/806\/revisions"}],"predecessor-version":[{"id":2637,"href":"https:\/\/azgruppe.eu\/tr\/wp-json\/wp\/v2\/pages\/806\/revisions\/2637"}],"wp:attachment":[{"href":"https:\/\/azgruppe.eu\/tr\/wp-json\/wp\/v2\/media?parent=806"}],"curies":[{"name":"wp","href":"https:\/\/api.w.org\/{rel}","templated":true}]}}