{"id":824,"date":"2025-01-09T00:26:59","date_gmt":"2025-01-08T21:26:59","guid":{"rendered":"https:\/\/azgruppe.eu\/?page_id=824"},"modified":"2025-01-09T00:38:32","modified_gmt":"2025-01-08T21:38:32","slug":"bodenlegung","status":"publish","type":"page","link":"https:\/\/azgruppe.eu\/tr\/bodenlegung\/","title":{"rendered":"Zemin d\u00f6\u015feme"},"content":{"rendered":"<div data-elementor-type=\"wp-page\" data-elementor-id=\"824\" class=\"elementor elementor-824\" data-elementor-post-type=\"page\">\n\t\t\t\t\t\t<section class=\"elementor-section elementor-top-section elementor-element elementor-element-5afdaadc elementor-section-height-min-height elementor-section-boxed elementor-section-height-default elementor-section-items-middle\" data-id=\"5afdaadc\" data-element_type=\"section\" data-settings=\"{&quot;background_background&quot;:&quot;classic&quot;}\">\n\t\t\t\t\t\t\t<div class=\"elementor-background-overlay\"><\/div>\n\t\t\t\t\t\t\t<div class=\"elementor-container elementor-column-gap-default\">\n\t\t\t\t\t<div class=\"elementor-column elementor-col-100 elementor-top-column elementor-element elementor-element-55636258\" data-id=\"55636258\" data-element_type=\"column\">\n\t\t\t<div class=\"elementor-widget-wrap elementor-element-populated\">\n\t\t\t\t\t\t<div class=\"elementor-element elementor-element-1c15f8c6 elementor-widget elementor-widget-heading\" data-id=\"1c15f8c6\" data-element_type=\"widget\" data-widget_type=\"heading.default\">\n\t\t\t\t<div class=\"elementor-widget-container\">\n\t\t\t\t\t<h2 class=\"elementor-heading-title elementor-size-default\">Zemin d\u00f6\u015feme<\/h2>\t\t\t\t<\/div>\n\t\t\t\t<\/div>\n\t\t\t\t\t<\/div>\n\t\t<\/div>\n\t\t\t\t\t<\/div>\n\t\t<\/section>\n\t\t\t\t<section class=\"elementor-section elementor-top-section elementor-element elementor-element-2c948d59 elementor-section-boxed elementor-section-height-default elementor-section-height-default\" data-id=\"2c948d59\" data-element_type=\"section\">\n\t\t\t\t\t\t<div class=\"elementor-container elementor-column-gap-default\">\n\t\t\t\t\t<div class=\"elementor-column elementor-col-50 elementor-top-column elementor-element elementor-element-75ca9247\" data-id=\"75ca9247\" data-element_type=\"column\">\n\t\t\t<div class=\"elementor-widget-wrap elementor-element-populated\">\n\t\t\t\t\t\t<div class=\"elementor-element elementor-element-74e2814c elementor-widget elementor-widget-spacer\" data-id=\"74e2814c\" data-element_type=\"widget\" data-widget_type=\"spacer.default\">\n\t\t\t\t<div class=\"elementor-widget-container\">\n\t\t\t\t\t\t\t<div class=\"elementor-spacer\">\n\t\t\t<div class=\"elementor-spacer-inner\"><\/div>\n\t\t<\/div>\n\t\t\t\t\t\t<\/div>\n\t\t\t\t<\/div>\n\t\t\t\t<div class=\"elementor-element elementor-element-4223a34d elementor-widget__width-auto elementor-widget-divider--view-line elementor-widget elementor-widget-divider\" data-id=\"4223a34d\" data-element_type=\"widget\" data-widget_type=\"divider.default\">\n\t\t\t\t<div class=\"elementor-widget-container\">\n\t\t\t\t\t\t\t<div class=\"elementor-divider\">\n\t\t\t<span class=\"elementor-divider-separator\">\n\t\t\t\t\t\t<\/span>\n\t\t<\/div>\n\t\t\t\t\t\t<\/div>\n\t\t\t\t<\/div>\n\t\t\t\t<div class=\"elementor-element elementor-element-117ea45c elementor-widget elementor-widget-heading\" data-id=\"117ea45c\" data-element_type=\"widget\" data-widget_type=\"heading.default\">\n\t\t\t\t<div class=\"elementor-widget-container\">\n\t\t\t\t\t<h4 class=\"elementor-heading-title elementor-size-default\">Professionelle Bodenlegung und Reparaturen \u2013 F\u00fcr einen perfekten Untergrund<\/h4>\t\t\t\t<\/div>\n\t\t\t\t<\/div>\n\t\t\t\t<div class=\"elementor-element elementor-element-5c3ab746 elementor-widget elementor-widget-text-editor\" data-id=\"5c3ab746\" data-element_type=\"widget\" data-widget_type=\"text-editor.default\">\n\t\t\t\t<div class=\"elementor-widget-container\">\n\t\t\t\t\t\t\t\t\t<p>Ob f\u00fcr Neubauten, Renovierungen oder Reparaturen \u2013 wir bieten Ihnen eine breite Palette an <strong>Bodenbel\u00e4gen<\/strong> und <strong>Bodenreparaturen<\/strong>. Mit unserer Expertise sorgen wir daf\u00fcr, dass Ihr Boden nicht nur funktional, sondern auch \u00e4sthetisch perfekt zu Ihrem Raum passt.<\/p><h5>Professionelle Reparaturen von Fu\u00dfb\u00f6den<\/h5><p><strong>Bodenreparaturen<\/strong> geh\u00f6ren ebenfalls zu unserem Serviceangebot. Ob kleine Kratzer, Dellen, Risse oder Abnutzungsspuren \u2013 wir k\u00fcmmern uns um die Reparatur Ihres Bodens, sodass er wieder wie neu aussieht. Unsere Reparaturen umfassen:<\/p><ul><li><strong>Parkett- und Laminatreparaturen:<\/strong> Wir f\u00fchren pr\u00e4zise Reparaturen durch, bei denen besch\u00e4digte Stellen ausgetauscht oder aufgearbeitet werden.<\/li><li><strong>Fliesenreparaturen:<\/strong> Risse, abgebrochene Ecken oder lose Fliesen \u2013 wir reparieren Fliesen fachgerecht und passen sie optisch an den bestehenden Boden an.<\/li><li><strong>Vinylbodenreparaturen:<\/strong> Vinylb\u00f6den k\u00f6nnen durch unser spezielles Verfahren wieder instandgesetzt werden, sodass die Reparaturstellen nicht mehr sichtbar sind.<\/li><\/ul><h5>Warum Sie uns w\u00e4hlen sollten<\/h5><ul><li><strong>Erfahrung und Kompetenz:<\/strong> Unser Team aus erfahrenen Handwerkern sorgt f\u00fcr eine pr\u00e4zise und saubere Ausf\u00fchrung Ihrer Bodenverlegung und Reparaturarbeiten.<\/li><li><strong>Qualit\u00e4t und Vielfalt:<\/strong> Wir bieten Ihnen eine breite Auswahl an hochwertigen Materialien, die perfekt auf Ihre Bed\u00fcrfnisse und Ihr Budget abgestimmt sind.<\/li><li><strong>Kundenzufriedenheit:<\/strong> Ihre Zufriedenheit ist unser Ziel. Wir beraten Sie ausf\u00fchrlich und gehen auf Ihre individuellen W\u00fcnsche und Anforderungen ein.<\/li><\/ul><hr \/><p><span style=\"font-family: var( --e-global-typography-text-font-family ), Sans-serif; font-size: var( --e-global-typography-text-font-size ); font-weight: var( --e-global-typography-text-font-weight );\"><br \/>Lassen Sie sich von unserer Expertise und unserem Service \u00fcberzeugen. <a href=\"https:\/\/azgruppe.eu\/tr\/kontakte\/\">Kontaktieren<\/a> Sie uns noch heute f\u00fcr eine Beratung oder ein unverbindliches Angebot!<\/span><\/p>\t\t\t\t\t\t\t\t<\/div>\n\t\t\t\t<\/div>\n\t\t\t\t<div class=\"elementor-element elementor-element-596a6139 elementor-widget elementor-widget-spacer\" data-id=\"596a6139\" data-element_type=\"widget\" data-widget_type=\"spacer.default\">\n\t\t\t\t<div class=\"elementor-widget-container\">\n\t\t\t\t\t\t\t<div class=\"elementor-spacer\">\n\t\t\t<div class=\"elementor-spacer-inner\"><\/div>\n\t\t<\/div>\n\t\t\t\t\t\t<\/div>\n\t\t\t\t<\/div>\n\t\t\t\t\t<\/div>\n\t\t<\/div>\n\t\t\t\t<div class=\"elementor-column elementor-col-50 elementor-top-column elementor-element elementor-element-1be93070\" data-id=\"1be93070\" data-element_type=\"column\">\n\t\t\t<div class=\"elementor-widget-wrap elementor-element-populated\">\n\t\t\t\t\t\t<div class=\"elementor-element elementor-element-5bc30671 elementor-widget elementor-widget-image\" data-id=\"5bc30671\" data-element_type=\"widget\" data-settings=\"{&quot;motion_fx_motion_fx_scrolling&quot;:&quot;yes&quot;,&quot;motion_fx_translateY_effect&quot;:&quot;yes&quot;,&quot;motion_fx_translateY_direction&quot;:&quot;negative&quot;,&quot;motion_fx_translateY_affectedRange&quot;:{&quot;unit&quot;:&quot;%&quot;,&quot;size&quot;:&quot;&quot;,&quot;sizes&quot;:{&quot;start&quot;:38,&quot;end&quot;:100}},&quot;motion_fx_translateY_speed&quot;:{&quot;unit&quot;:&quot;px&quot;,&quot;size&quot;:4,&quot;sizes&quot;:[]},&quot;motion_fx_devices&quot;:[&quot;desktop&quot;,&quot;tablet&quot;,&quot;mobile&quot;]}\" data-widget_type=\"image.default\">\n\t\t\t\t<div class=\"elementor-widget-container\">\n\t\t\t\t\t\t\t\t\t\t\t\t\t\t\t<img fetchpriority=\"high\" decoding=\"async\" width=\"800\" height=\"600\" src=\"https:\/\/azgruppe.eu\/wp-content\/uploads\/2025\/01\/vosstanovlenie-pola-v-kaliningrade.png\" class=\"attachment-large size-large wp-image-827\" alt=\"\" srcset=\"https:\/\/azgruppe.eu\/wp-content\/uploads\/2025\/01\/vosstanovlenie-pola-v-kaliningrade.png 800w, https:\/\/azgruppe.eu\/wp-content\/uploads\/2025\/01\/vosstanovlenie-pola-v-kaliningrade-300x225.png 300w, https:\/\/azgruppe.eu\/wp-content\/uploads\/2025\/01\/vosstanovlenie-pola-v-kaliningrade-768x576.png 768w\" sizes=\"(max-width: 800px) 100vw, 800px\" \/>\t\t\t\t\t\t\t\t\t\t\t\t\t\t\t<\/div>\n\t\t\t\t<\/div>\n\t\t\t\t\t<\/div>\n\t\t<\/div>\n\t\t\t\t\t<\/div>\n\t\t<\/section>\n\t\t\t\t<section class=\"elementor-section elementor-top-section elementor-element elementor-element-2f30b95b elementor-section-boxed elementor-section-height-default elementor-section-height-default\" data-id=\"2f30b95b\" data-element_type=\"section\" data-settings=\"{&quot;background_background&quot;:&quot;classic&quot;,&quot;shape_divider_top&quot;:&quot;opacity-tilt&quot;}\">\n\t\t\t\t\t<div class=\"elementor-shape elementor-shape-top\" aria-hidden=\"true\" data-negative=\"false\">\n\t\t\t<svg xmlns=\"http:\/\/www.w3.org\/2000\/svg\" viewbox=\"0 0 2600 131.1\" preserveaspectratio=\"none\">\n\t<path class=\"elementor-shape-fill\" d=\"M0 0L2600 0 2600 69.1 0 0z\"\/>\n\t<path class=\"elementor-shape-fill\" style=\"opacity:0.5\" d=\"M0 0L2600 0 2600 69.1 0 69.1z\"\/>\n\t<path class=\"elementor-shape-fill\" style=\"opacity:0.25\" d=\"M2600 0L0 0 0 130.1 2600 69.1z\"\/>\n<\/svg>\t\t<\/div>\n\t\t\t\t\t<div class=\"elementor-container elementor-column-gap-default\">\n\t\t\t\t\t<div class=\"elementor-column elementor-col-33 elementor-top-column elementor-element elementor-element-29a6f21f\" data-id=\"29a6f21f\" data-element_type=\"column\">\n\t\t\t<div class=\"elementor-widget-wrap elementor-element-populated\">\n\t\t\t\t\t\t<div class=\"elementor-element elementor-element-cb1ca84 elementor-view-default elementor-widget elementor-widget-icon\" data-id=\"cb1ca84\" data-element_type=\"widget\" data-widget_type=\"icon.default\">\n\t\t\t\t<div class=\"elementor-widget-container\">\n\t\t\t\t\t\t\t<div class=\"elementor-icon-wrapper\">\n\t\t\t<div class=\"elementor-icon\">\n\t\t\t<i aria-hidden=\"true\" class=\"material-icons md-document_scanner\" data-md-icon=\"document_scanner\"><\/i>\t\t\t<\/div>\n\t\t<\/div>\n\t\t\t\t\t\t<\/div>\n\t\t\t\t<\/div>\n\t\t\t\t<div class=\"elementor-element elementor-element-248e2c2f elementor-widget elementor-widget-counter\" data-id=\"248e2c2f\" data-element_type=\"widget\" data-widget_type=\"counter.default\">\n\t\t\t\t<div class=\"elementor-widget-container\">\n\t\t\t\t\t\t\t<div class=\"elementor-counter\">\n\t\t\t<div class=\"elementor-counter-title\">Projeler <\/div>\t\t\t<div class=\"elementor-counter-number-wrapper\">\n\t\t\t\t<span class=\"elementor-counter-number-prefix\"><\/span>\n\t\t\t\t<span class=\"elementor-counter-number\" data-duration=\"2000\" data-to-value=\"100\" data-from-value=\"0\" data-delimiter=\",\">0<\/span>\n\t\t\t\t<span class=\"elementor-counter-number-suffix\">+<\/span>\n\t\t\t<\/div>\n\t\t<\/div>\n\t\t\t\t\t\t<\/div>\n\t\t\t\t<\/div>\n\t\t\t\t\t<\/div>\n\t\t<\/div>\n\t\t\t\t<div class=\"elementor-column elementor-col-33 elementor-top-column elementor-element elementor-element-4a3e82a2\" data-id=\"4a3e82a2\" data-element_type=\"column\">\n\t\t\t<div class=\"elementor-widget-wrap elementor-element-populated\">\n\t\t\t\t\t\t<div class=\"elementor-element elementor-element-7cfe34d6 elementor-view-default elementor-widget elementor-widget-icon\" data-id=\"7cfe34d6\" data-element_type=\"widget\" data-widget_type=\"icon.default\">\n\t\t\t\t<div class=\"elementor-widget-container\">\n\t\t\t\t\t\t\t<div class=\"elementor-icon-wrapper\">\n\t\t\t<div class=\"elementor-icon\">\n\t\t\t<i aria-hidden=\"true\" class=\"fas fa-users\"><\/i>\t\t\t<\/div>\n\t\t<\/div>\n\t\t\t\t\t\t<\/div>\n\t\t\t\t<\/div>\n\t\t\t\t<div class=\"elementor-element elementor-element-66f6fbcc elementor-widget elementor-widget-counter\" data-id=\"66f6fbcc\" data-element_type=\"widget\" data-widget_type=\"counter.default\">\n\t\t\t\t<div class=\"elementor-widget-container\">\n\t\t\t\t\t\t\t<div class=\"elementor-counter\">\n\t\t\t<div class=\"elementor-counter-title\">Gl\u00fcckliche Kunden<\/div>\t\t\t<div class=\"elementor-counter-number-wrapper\">\n\t\t\t\t<span class=\"elementor-counter-number-prefix\"><\/span>\n\t\t\t\t<span class=\"elementor-counter-number\" data-duration=\"2000\" data-to-value=\"1000\" data-from-value=\"0\" data-delimiter=\",\">0<\/span>\n\t\t\t\t<span class=\"elementor-counter-number-suffix\">+<\/span>\n\t\t\t<\/div>\n\t\t<\/div>\n\t\t\t\t\t\t<\/div>\n\t\t\t\t<\/div>\n\t\t\t\t\t<\/div>\n\t\t<\/div>\n\t\t\t\t<div class=\"elementor-column elementor-col-33 elementor-top-column elementor-element elementor-element-486648d8\" data-id=\"486648d8\" data-element_type=\"column\">\n\t\t\t<div class=\"elementor-widget-wrap elementor-element-populated\">\n\t\t\t\t\t\t<div class=\"elementor-element elementor-element-2fff3039 elementor-view-default elementor-widget elementor-widget-icon\" data-id=\"2fff3039\" data-element_type=\"widget\" data-widget_type=\"icon.default\">\n\t\t\t\t<div class=\"elementor-widget-container\">\n\t\t\t\t\t\t\t<div class=\"elementor-icon-wrapper\">\n\t\t\t<div class=\"elementor-icon\">\n\t\t\t<i aria-hidden=\"true\" class=\"fas fa-calendar-alt\"><\/i>\t\t\t<\/div>\n\t\t<\/div>\n\t\t\t\t\t\t<\/div>\n\t\t\t\t<\/div>\n\t\t\t\t<div class=\"elementor-element elementor-element-6ed2bc39 elementor-widget elementor-widget-counter\" data-id=\"6ed2bc39\" data-element_type=\"widget\" data-widget_type=\"counter.default\">\n\t\t\t\t<div class=\"elementor-widget-container\">\n\t\t\t\t\t\t\t<div class=\"elementor-counter\">\n\t\t\t<div class=\"elementor-counter-title\">Jahr mit dir<\/div>\t\t\t<div class=\"elementor-counter-number-wrapper\">\n\t\t\t\t<span class=\"elementor-counter-number-prefix\"><\/span>\n\t\t\t\t<span class=\"elementor-counter-number\" data-duration=\"2000\" data-to-value=\"19\" data-from-value=\"0\" data-delimiter=\",\">0<\/span>\n\t\t\t\t<span class=\"elementor-counter-number-suffix\">+<\/span>\n\t\t\t<\/div>\n\t\t<\/div>\n\t\t\t\t\t\t<\/div>\n\t\t\t\t<\/div>\n\t\t\t\t\t<\/div>\n\t\t<\/div>\n\t\t\t\t\t<\/div>\n\t\t<\/section>\n\t\t\t\t<\/div>","protected":false},"excerpt":{"rendered":"<p>Professionelle Bodenlegung und Reparaturen \u2013 F\u00fcr einen perfekten Untergrund Ob f\u00fcr Neubauten, Renovierungen oder Reparaturen \u2013 wir bieten Ihnen eine breite Palette an Bodenbel\u00e4gen und Bodenreparaturen. Mit unserer Expertise sorgen wir daf\u00fcr, dass Ihr Boden nicht nur funktional, sondern auch \u00e4sthetisch perfekt zu Ihrem Raum passt. Professionelle Reparaturen von Fu\u00dfb\u00f6den Bodenreparaturen geh\u00f6ren ebenfalls zu unserem [&hellip;]<\/p>","protected":false},"author":1,"featured_media":0,"parent":0,"menu_order":0,"comment_status":"closed","ping_status":"closed","template":"elementor_header_footer","meta":{"footnotes":""},"class_list":["post-824","page","type-page","status-publish","hentry"],"_links":{"self":[{"href":"https:\/\/azgruppe.eu\/tr\/wp-json\/wp\/v2\/pages\/824","targetHints":{"allow":["GET"]}}],"collection":[{"href":"https:\/\/azgruppe.eu\/tr\/wp-json\/wp\/v2\/pages"}],"about":[{"href":"https:\/\/azgruppe.eu\/tr\/wp-json\/wp\/v2\/types\/page"}],"author":[{"embeddable":true,"href":"https:\/\/azgruppe.eu\/tr\/wp-json\/wp\/v2\/users\/1"}],"replies":[{"embeddable":true,"href":"https:\/\/azgruppe.eu\/tr\/wp-json\/wp\/v2\/comments?post=824"}],"version-history":[{"count":10,"href":"https:\/\/azgruppe.eu\/tr\/wp-json\/wp\/v2\/pages\/824\/revisions"}],"predecessor-version":[{"id":836,"href":"https:\/\/azgruppe.eu\/tr\/wp-json\/wp\/v2\/pages\/824\/revisions\/836"}],"wp:attachment":[{"href":"https:\/\/azgruppe.eu\/tr\/wp-json\/wp\/v2\/media?parent=824"}],"curies":[{"name":"wp","href":"https:\/\/api.w.org\/{rel}","templated":true}]}}